{"id":13243,"date":"2020-09-11T15:36:14","date_gmt":"2020-09-11T15:36:14","guid":{"rendered":"https:\/\/gocaribic.com\/fluganfrage-dominikanische-republik\/"},"modified":"2026-02-26T11:28:36","modified_gmt":"2026-02-26T15:28:36","slug":"lety-dominikanska-republika","status":"publish","type":"page","link":"https:\/\/govacation-domrep.com\/cs\/lety-dominikanska-republika\/","title":{"rendered":"Lety"},"content":{"rendered":"","protected":false},"excerpt":{"rendered":"","protected":false},"author":1,"featured_media":0,"parent":0,"menu_order":0,"comment_status":"closed","ping_status":"closed","template":"","meta":{"footnotes":""},"class_list":["post-13243","page","type-page","status-publish","hentry"],"yoast_head":"<!-- This site is optimized with the Yoast SEO plugin v27.4 - https:\/\/yoast.com\/product\/yoast-seo-wordpress\/ -->\n<title>\u017d\u00e1dost o let do Dominik\u00e1nsk\u00e9 republiky - GoVacation Dominik\u00e1nsk\u00e1 Republika<\/title>\n<meta name=\"description\" content=\"Levn\u00e9 lety z Dominik\u00e1nsk\u00e9 republiky a do Dominik\u00e1nsk\u00e9 republiky. Last minute a v\u010dasn\u00e9 rezervace do Punta Cany, Puerto Plata a Santo Dominga.\" \/>\n<meta name=\"robots\" content=\"index, follow, max-snippet:-1, max-image-preview:large, max-video-preview:-1\" \/>\n<link rel=\"canonical\" href=\"https:\/\/govacation-domrep.com\/cs\/lety-dominikanska-republika\/\" \/>\n<meta property=\"og:locale\" content=\"cs_CZ\" \/>\n<meta property=\"og:type\" content=\"article\" \/>\n<meta property=\"og:title\" content=\"\u017d\u00e1dost o let do Dominik\u00e1nsk\u00e9 republiky - GoVacation Dominik\u00e1nsk\u00e1 Republika\" \/>\n<meta property=\"og:description\" content=\"Levn\u00e9 lety z Dominik\u00e1nsk\u00e9 republiky a do Dominik\u00e1nsk\u00e9 republiky. Last minute a v\u010dasn\u00e9 rezervace do Punta Cany, Puerto Plata a Santo Dominga.\" \/>\n<meta property=\"og:url\" content=\"https:\/\/govacation-domrep.com\/cs\/lety-dominikanska-republika\/\" \/>\n<meta property=\"og:site_name\" content=\"GoVacation Dominik\u00e1nsk\u00e1 Republika\" \/>\n<meta property=\"article:modified_time\" content=\"2026-02-26T15:28:36+00:00\" \/>\n<meta name=\"twitter:card\" content=\"summary_large_image\" \/>\n<meta name=\"twitter:label1\" content=\"Odhadovan\u00e1 doba \u010dten\u00ed\" \/>\n\t<meta name=\"twitter:data1\" content=\"1 minuta\" \/>\n<script type=\"application\/ld+json\" class=\"yoast-schema-graph\">{\"@context\":\"https:\\\/\\\/schema.org\",\"@graph\":[{\"@type\":\"WebPage\",\"@id\":\"https:\\\/\\\/govacation-domrep.com\\\/cs\\\/lety-dominikanska-republika\\\/\",\"url\":\"https:\\\/\\\/govacation-domrep.com\\\/cs\\\/lety-dominikanska-republika\\\/\",\"name\":\"\u017d\u00e1dost o let do Dominik\u00e1nsk\u00e9 republiky - GoVacation Dominik\u00e1nsk\u00e1 Republika\",\"isPartOf\":{\"@id\":\"https:\\\/\\\/govacation-domrep.com\\\/cs\\\/#website\"},\"datePublished\":\"2020-09-11T15:36:14+00:00\",\"dateModified\":\"2026-02-26T15:28:36+00:00\",\"description\":\"Levn\u00e9 lety z Dominik\u00e1nsk\u00e9 republiky a do Dominik\u00e1nsk\u00e9 republiky. Last minute a v\u010dasn\u00e9 rezervace do Punta Cany, Puerto Plata a Santo Dominga.\",\"breadcrumb\":{\"@id\":\"https:\\\/\\\/govacation-domrep.com\\\/cs\\\/lety-dominikanska-republika\\\/#breadcrumb\"},\"inLanguage\":\"cs\",\"potentialAction\":[{\"@type\":\"ReadAction\",\"target\":[\"https:\\\/\\\/govacation-domrep.com\\\/cs\\\/lety-dominikanska-republika\\\/\"]}]},{\"@type\":\"BreadcrumbList\",\"@id\":\"https:\\\/\\\/govacation-domrep.com\\\/cs\\\/lety-dominikanska-republika\\\/#breadcrumb\",\"itemListElement\":[{\"@type\":\"ListItem\",\"position\":1,\"name\":\"Home\",\"item\":\"https:\\\/\\\/govacation-domrep.com\\\/cs\\\/\"},{\"@type\":\"ListItem\",\"position\":2,\"name\":\"Lety\"}]},{\"@type\":\"WebSite\",\"@id\":\"https:\\\/\\\/govacation-domrep.com\\\/cs\\\/#website\",\"url\":\"https:\\\/\\\/govacation-domrep.com\\\/cs\\\/\",\"name\":\"GoVacation Dominik\u00e1nsk\u00e1 Republika\",\"description\":\"Incoming Agentur\",\"potentialAction\":[{\"@type\":\"SearchAction\",\"target\":{\"@type\":\"EntryPoint\",\"urlTemplate\":\"https:\\\/\\\/govacation-domrep.com\\\/cs\\\/?s={search_term_string}\"},\"query-input\":{\"@type\":\"PropertyValueSpecification\",\"valueRequired\":true,\"valueName\":\"search_term_string\"}}],\"inLanguage\":\"cs\"}]}<\/script>\n<!-- \/ Yoast SEO plugin. -->","yoast_head_json":{"title":"\u017d\u00e1dost o let do Dominik\u00e1nsk\u00e9 republiky - GoVacation Dominik\u00e1nsk\u00e1 Republika","description":"Levn\u00e9 lety z Dominik\u00e1nsk\u00e9 republiky a do Dominik\u00e1nsk\u00e9 republiky. Last minute a v\u010dasn\u00e9 rezervace do Punta Cany, Puerto Plata a Santo Dominga.","robots":{"index":"index","follow":"follow","max-snippet":"max-snippet:-1","max-image-preview":"max-image-preview:large","max-video-preview":"max-video-preview:-1"},"canonical":"https:\/\/govacation-domrep.com\/cs\/lety-dominikanska-republika\/","og_locale":"cs_CZ","og_type":"article","og_title":"\u017d\u00e1dost o let do Dominik\u00e1nsk\u00e9 republiky - GoVacation Dominik\u00e1nsk\u00e1 Republika","og_description":"Levn\u00e9 lety z Dominik\u00e1nsk\u00e9 republiky a do Dominik\u00e1nsk\u00e9 republiky. Last minute a v\u010dasn\u00e9 rezervace do Punta Cany, Puerto Plata a Santo Dominga.","og_url":"https:\/\/govacation-domrep.com\/cs\/lety-dominikanska-republika\/","og_site_name":"GoVacation Dominik\u00e1nsk\u00e1 Republika","article_modified_time":"2026-02-26T15:28:36+00:00","twitter_card":"summary_large_image","twitter_misc":{"Odhadovan\u00e1 doba \u010dten\u00ed":"1 minuta"},"schema":{"@context":"https:\/\/schema.org","@graph":[{"@type":"WebPage","@id":"https:\/\/govacation-domrep.com\/cs\/lety-dominikanska-republika\/","url":"https:\/\/govacation-domrep.com\/cs\/lety-dominikanska-republika\/","name":"\u017d\u00e1dost o let do Dominik\u00e1nsk\u00e9 republiky - GoVacation Dominik\u00e1nsk\u00e1 Republika","isPartOf":{"@id":"https:\/\/govacation-domrep.com\/cs\/#website"},"datePublished":"2020-09-11T15:36:14+00:00","dateModified":"2026-02-26T15:28:36+00:00","description":"Levn\u00e9 lety z Dominik\u00e1nsk\u00e9 republiky a do Dominik\u00e1nsk\u00e9 republiky. Last minute a v\u010dasn\u00e9 rezervace do Punta Cany, Puerto Plata a Santo Dominga.","breadcrumb":{"@id":"https:\/\/govacation-domrep.com\/cs\/lety-dominikanska-republika\/#breadcrumb"},"inLanguage":"cs","potentialAction":[{"@type":"ReadAction","target":["https:\/\/govacation-domrep.com\/cs\/lety-dominikanska-republika\/"]}]},{"@type":"BreadcrumbList","@id":"https:\/\/govacation-domrep.com\/cs\/lety-dominikanska-republika\/#breadcrumb","itemListElement":[{"@type":"ListItem","position":1,"name":"Home","item":"https:\/\/govacation-domrep.com\/cs\/"},{"@type":"ListItem","position":2,"name":"Lety"}]},{"@type":"WebSite","@id":"https:\/\/govacation-domrep.com\/cs\/#website","url":"https:\/\/govacation-domrep.com\/cs\/","name":"GoVacation Dominik\u00e1nsk\u00e1 Republika","description":"Incoming Agentur","potentialAction":[{"@type":"SearchAction","target":{"@type":"EntryPoint","urlTemplate":"https:\/\/govacation-domrep.com\/cs\/?s={search_term_string}"},"query-input":{"@type":"PropertyValueSpecification","valueRequired":true,"valueName":"search_term_string"}}],"inLanguage":"cs"}]}},"_links":{"self":[{"href":"https:\/\/govacation-domrep.com\/cs\/wp-json\/wp\/v2\/pages\/13243","targetHints":{"allow":["GET"]}}],"collection":[{"href":"https:\/\/govacation-domrep.com\/cs\/wp-json\/wp\/v2\/pages"}],"about":[{"href":"https:\/\/govacation-domrep.com\/cs\/wp-json\/wp\/v2\/types\/page"}],"author":[{"embeddable":true,"href":"https:\/\/govacation-domrep.com\/cs\/wp-json\/wp\/v2\/users\/1"}],"replies":[{"embeddable":true,"href":"https:\/\/govacation-domrep.com\/cs\/wp-json\/wp\/v2\/comments?post=13243"}],"version-history":[{"count":6,"href":"https:\/\/govacation-domrep.com\/cs\/wp-json\/wp\/v2\/pages\/13243\/revisions"}],"predecessor-version":[{"id":33267,"href":"https:\/\/govacation-domrep.com\/cs\/wp-json\/wp\/v2\/pages\/13243\/revisions\/33267"}],"wp:attachment":[{"href":"https:\/\/govacation-domrep.com\/cs\/wp-json\/wp\/v2\/media?parent=13243"}],"curies":[{"name":"wp","href":"https:\/\/api.w.org\/{rel}","templated":true}]}}