{"id":13264,"date":"2020-09-11T14:25:10","date_gmt":"2020-09-11T14:25:10","guid":{"rendered":"https:\/\/gocaribic.com\/hotels-dominikanische-republik\/"},"modified":"2026-03-05T20:04:44","modified_gmt":"2026-03-06T00:04:44","slug":"hotely-dominikanska-republika","status":"publish","type":"page","link":"https:\/\/govacation-domrep.com\/cs\/hotely-dominikanska-republika\/","title":{"rendered":"Hotely"},"content":{"rendered":"","protected":false},"excerpt":{"rendered":"","protected":false},"author":1,"featured_media":0,"parent":0,"menu_order":0,"comment_status":"closed","ping_status":"closed","template":"","meta":{"footnotes":""},"class_list":["post-13264","page","type-page","status-publish","hentry"],"yoast_head":"<!-- This site is optimized with the Yoast SEO plugin v27.4 - https:\/\/yoast.com\/product\/yoast-seo-wordpress\/ -->\n<title>V\u00e1\u0161 pr\u016fvodce v hotelech Dominik\u00e1nsk\u00e9 republiky - GoVacation Dominik\u00e1nsk\u00e1 Republika<\/title>\n<meta name=\"description\" content=\"Informace o n\u011bmeck\u00e9m pr\u016fvodci a exkurz\u00edch ve v\u00edce ne\u017e 100 vybran\u00fdch hotelech v Dominik\u00e1nsk\u00e9 republice.\" \/>\n<meta name=\"robots\" content=\"index, follow, max-snippet:-1, max-image-preview:large, max-video-preview:-1\" \/>\n<link rel=\"canonical\" href=\"https:\/\/govacation-domrep.com\/cs\/hotely-dominikanska-republika\/\" \/>\n<meta property=\"og:locale\" content=\"cs_CZ\" \/>\n<meta property=\"og:type\" content=\"article\" \/>\n<meta property=\"og:title\" content=\"V\u00e1\u0161 pr\u016fvodce v hotelech Dominik\u00e1nsk\u00e9 republiky - GoVacation Dominik\u00e1nsk\u00e1 Republika\" \/>\n<meta property=\"og:description\" content=\"Informace o n\u011bmeck\u00e9m pr\u016fvodci a exkurz\u00edch ve v\u00edce ne\u017e 100 vybran\u00fdch hotelech v Dominik\u00e1nsk\u00e9 republice.\" \/>\n<meta property=\"og:url\" content=\"https:\/\/govacation-domrep.com\/cs\/hotely-dominikanska-republika\/\" \/>\n<meta property=\"og:site_name\" content=\"GoVacation Dominik\u00e1nsk\u00e1 Republika\" \/>\n<meta property=\"article:modified_time\" content=\"2026-03-06T00:04:44+00:00\" \/>\n<meta name=\"twitter:card\" content=\"summary_large_image\" \/>\n<meta name=\"twitter:label1\" content=\"Odhadovan\u00e1 doba \u010dten\u00ed\" \/>\n\t<meta name=\"twitter:data1\" content=\"4 minuty\" \/>\n<script type=\"application\/ld+json\" class=\"yoast-schema-graph\">{\"@context\":\"https:\\\/\\\/schema.org\",\"@graph\":[{\"@type\":\"WebPage\",\"@id\":\"https:\\\/\\\/govacation-domrep.com\\\/cs\\\/hotely-dominikanska-republika\\\/\",\"url\":\"https:\\\/\\\/govacation-domrep.com\\\/cs\\\/hotely-dominikanska-republika\\\/\",\"name\":\"V\u00e1\u0161 pr\u016fvodce v hotelech Dominik\u00e1nsk\u00e9 republiky - GoVacation Dominik\u00e1nsk\u00e1 Republika\",\"isPartOf\":{\"@id\":\"https:\\\/\\\/govacation-domrep.com\\\/cs\\\/#website\"},\"datePublished\":\"2020-09-11T14:25:10+00:00\",\"dateModified\":\"2026-03-06T00:04:44+00:00\",\"description\":\"Informace o n\u011bmeck\u00e9m pr\u016fvodci a exkurz\u00edch ve v\u00edce ne\u017e 100 vybran\u00fdch hotelech v Dominik\u00e1nsk\u00e9 republice.\",\"breadcrumb\":{\"@id\":\"https:\\\/\\\/govacation-domrep.com\\\/cs\\\/hotely-dominikanska-republika\\\/#breadcrumb\"},\"inLanguage\":\"cs\",\"potentialAction\":[{\"@type\":\"ReadAction\",\"target\":[\"https:\\\/\\\/govacation-domrep.com\\\/cs\\\/hotely-dominikanska-republika\\\/\"]}]},{\"@type\":\"BreadcrumbList\",\"@id\":\"https:\\\/\\\/govacation-domrep.com\\\/cs\\\/hotely-dominikanska-republika\\\/#breadcrumb\",\"itemListElement\":[{\"@type\":\"ListItem\",\"position\":1,\"name\":\"Home\",\"item\":\"https:\\\/\\\/govacation-domrep.com\\\/cs\\\/\"},{\"@type\":\"ListItem\",\"position\":2,\"name\":\"Hotely\"}]},{\"@type\":\"WebSite\",\"@id\":\"https:\\\/\\\/govacation-domrep.com\\\/cs\\\/#website\",\"url\":\"https:\\\/\\\/govacation-domrep.com\\\/cs\\\/\",\"name\":\"GoVacation Dominik\u00e1nsk\u00e1 Republika\",\"description\":\"Incoming Agentur\",\"potentialAction\":[{\"@type\":\"SearchAction\",\"target\":{\"@type\":\"EntryPoint\",\"urlTemplate\":\"https:\\\/\\\/govacation-domrep.com\\\/cs\\\/?s={search_term_string}\"},\"query-input\":{\"@type\":\"PropertyValueSpecification\",\"valueRequired\":true,\"valueName\":\"search_term_string\"}}],\"inLanguage\":\"cs\"}]}<\/script>\n<!-- \/ Yoast SEO plugin. -->","yoast_head_json":{"title":"V\u00e1\u0161 pr\u016fvodce v hotelech Dominik\u00e1nsk\u00e9 republiky - GoVacation Dominik\u00e1nsk\u00e1 Republika","description":"Informace o n\u011bmeck\u00e9m pr\u016fvodci a exkurz\u00edch ve v\u00edce ne\u017e 100 vybran\u00fdch hotelech v Dominik\u00e1nsk\u00e9 republice.","robots":{"index":"index","follow":"follow","max-snippet":"max-snippet:-1","max-image-preview":"max-image-preview:large","max-video-preview":"max-video-preview:-1"},"canonical":"https:\/\/govacation-domrep.com\/cs\/hotely-dominikanska-republika\/","og_locale":"cs_CZ","og_type":"article","og_title":"V\u00e1\u0161 pr\u016fvodce v hotelech Dominik\u00e1nsk\u00e9 republiky - GoVacation Dominik\u00e1nsk\u00e1 Republika","og_description":"Informace o n\u011bmeck\u00e9m pr\u016fvodci a exkurz\u00edch ve v\u00edce ne\u017e 100 vybran\u00fdch hotelech v Dominik\u00e1nsk\u00e9 republice.","og_url":"https:\/\/govacation-domrep.com\/cs\/hotely-dominikanska-republika\/","og_site_name":"GoVacation Dominik\u00e1nsk\u00e1 Republika","article_modified_time":"2026-03-06T00:04:44+00:00","twitter_card":"summary_large_image","twitter_misc":{"Odhadovan\u00e1 doba \u010dten\u00ed":"4 minuty"},"schema":{"@context":"https:\/\/schema.org","@graph":[{"@type":"WebPage","@id":"https:\/\/govacation-domrep.com\/cs\/hotely-dominikanska-republika\/","url":"https:\/\/govacation-domrep.com\/cs\/hotely-dominikanska-republika\/","name":"V\u00e1\u0161 pr\u016fvodce v hotelech Dominik\u00e1nsk\u00e9 republiky - GoVacation Dominik\u00e1nsk\u00e1 Republika","isPartOf":{"@id":"https:\/\/govacation-domrep.com\/cs\/#website"},"datePublished":"2020-09-11T14:25:10+00:00","dateModified":"2026-03-06T00:04:44+00:00","description":"Informace o n\u011bmeck\u00e9m pr\u016fvodci a exkurz\u00edch ve v\u00edce ne\u017e 100 vybran\u00fdch hotelech v Dominik\u00e1nsk\u00e9 republice.","breadcrumb":{"@id":"https:\/\/govacation-domrep.com\/cs\/hotely-dominikanska-republika\/#breadcrumb"},"inLanguage":"cs","potentialAction":[{"@type":"ReadAction","target":["https:\/\/govacation-domrep.com\/cs\/hotely-dominikanska-republika\/"]}]},{"@type":"BreadcrumbList","@id":"https:\/\/govacation-domrep.com\/cs\/hotely-dominikanska-republika\/#breadcrumb","itemListElement":[{"@type":"ListItem","position":1,"name":"Home","item":"https:\/\/govacation-domrep.com\/cs\/"},{"@type":"ListItem","position":2,"name":"Hotely"}]},{"@type":"WebSite","@id":"https:\/\/govacation-domrep.com\/cs\/#website","url":"https:\/\/govacation-domrep.com\/cs\/","name":"GoVacation Dominik\u00e1nsk\u00e1 Republika","description":"Incoming Agentur","potentialAction":[{"@type":"SearchAction","target":{"@type":"EntryPoint","urlTemplate":"https:\/\/govacation-domrep.com\/cs\/?s={search_term_string}"},"query-input":{"@type":"PropertyValueSpecification","valueRequired":true,"valueName":"search_term_string"}}],"inLanguage":"cs"}]}},"_links":{"self":[{"href":"https:\/\/govacation-domrep.com\/cs\/wp-json\/wp\/v2\/pages\/13264","targetHints":{"allow":["GET"]}}],"collection":[{"href":"https:\/\/govacation-domrep.com\/cs\/wp-json\/wp\/v2\/pages"}],"about":[{"href":"https:\/\/govacation-domrep.com\/cs\/wp-json\/wp\/v2\/types\/page"}],"author":[{"embeddable":true,"href":"https:\/\/govacation-domrep.com\/cs\/wp-json\/wp\/v2\/users\/1"}],"replies":[{"embeddable":true,"href":"https:\/\/govacation-domrep.com\/cs\/wp-json\/wp\/v2\/comments?post=13264"}],"version-history":[{"count":5,"href":"https:\/\/govacation-domrep.com\/cs\/wp-json\/wp\/v2\/pages\/13264\/revisions"}],"predecessor-version":[{"id":33568,"href":"https:\/\/govacation-domrep.com\/cs\/wp-json\/wp\/v2\/pages\/13264\/revisions\/33568"}],"wp:attachment":[{"href":"https:\/\/govacation-domrep.com\/cs\/wp-json\/wp\/v2\/media?parent=13264"}],"curies":[{"name":"wp","href":"https:\/\/api.w.org\/{rel}","templated":true}]}}