{"id":13278,"date":"2021-06-17T14:22:21","date_gmt":"2021-06-17T14:22:21","guid":{"rendered":"https:\/\/gocaribic.com\/impressum\/"},"modified":"2025-09-05T09:25:11","modified_gmt":"2025-09-05T13:25:11","slug":"otisk","status":"publish","type":"page","link":"https:\/\/govacation-domrep.com\/cs\/otisk\/","title":{"rendered":"Otisk"},"content":{"rendered":"<p><strong>Kontaktn\u00ed adresa<\/strong><\/p>\n<p>Jd\u011bte do spole\u010dnosti Caribic S.R.L.<br \/>\nAvenida Manolo Tavarez Justo<br \/>\nPlaza Turisol \u010d. 55<br \/>\nPuerto Plata 57000<br \/>\nDominik\u00e1nsk\u00e1 republika<\/p>\n<p>Email: service@gocaribic.com<\/p>\n<p><strong>Osoba(y)<\/strong><\/p>\n<p>opr\u00e1vn\u011bn\u00e1(\u00e9) zastupovat.<\/p>\n<p>Sebastien Garcia<\/p>\n<p><strong>Z\u00e1pis do registru obchodn\u00edk\u016f<\/strong><\/p>\n<p>N\u00e1zev registrovan\u00e9 spole\u010dnosti: Go Caribic S.R.L.<br \/>\n1006-PP<\/p>\n<p><strong>\u010c\u00edslo DPH<\/strong><\/p>\n<p>\u010c\u00edslo RNC (DPH): 1-01-53871-6<\/p>\n<p><strong>Odm\u00edtnut\u00ed odpov\u011bdnosti<\/strong><\/p>\n<p>Autor nenese \u017e\u00e1dnou odpov\u011bdnost za spr\u00e1vnost, p\u0159esnost, aktu\u00e1lnost, spolehlivost a \u00faplnost obsahu informac\u00ed.<\/p>\n<p>Vylu\u010duj\u00ed se n\u00e1roky na odpov\u011bdnost v\u016f\u010di autorovi za \u0161kody hmotn\u00e9 i nehmotn\u00e9 povahy, kter\u00e9 vznikly v d\u016fsledku p\u0159\u00edstupu ke zve\u0159ejn\u011bn\u00fdm informac\u00edm, jejich pou\u017e\u00edv\u00e1n\u00ed nebo nepou\u017e\u00edv\u00e1n\u00ed, zneu\u017eit\u00ed p\u0159ipojen\u00ed nebo technick\u00fdch z\u00e1vad.<\/p>\n<p>V\u0161echny nab\u00eddky jsou nez\u00e1vazn\u00e9. Autor si v\u00fdslovn\u011b vyhrazuje pr\u00e1vo m\u011bnit, dopl\u0148ovat nebo odstra\u0148ovat \u010d\u00e1sti str\u00e1nek nebo celou nab\u00eddku bez zvl\u00e1\u0161tn\u00edho upozorn\u011bn\u00ed, p\u0159\u00edpadn\u011b do\u010dasn\u011b nebo trvale ukon\u010dit jej\u00ed zve\u0159ej\u0148ov\u00e1n\u00ed.<\/p>\n<p><strong>Odm\u00edtnut\u00ed odpov\u011bdnosti u odkaz\u016f<\/strong><\/p>\n<p>Odkazy a odkazy na webov\u00e9 str\u00e1nky t\u0159et\u00edch stran nespadaj\u00ed do na\u0161\u00ed kompetence. Za tyto webov\u00e9 str\u00e1nky se z\u0159\u00edk\u00e1me jak\u00e9koli odpov\u011bdnosti. P\u0159\u00edstup na tyto webov\u00e9 str\u00e1nky a jejich pou\u017e\u00edv\u00e1n\u00ed je na vlastn\u00ed riziko p\u0159\u00edslu\u0161n\u00e9ho u\u017eivatele.<\/p>\n<p><strong>Autorsk\u00e1 pr\u00e1va<\/strong><\/p>\n<p>Autorsk\u00e1 pr\u00e1va a ve\u0161ker\u00e1 dal\u0161\u00ed pr\u00e1va k obsahu, obr\u00e1zk\u016fm, fotografi\u00edm nebo jin\u00fdm soubor\u016fm na t\u011bchto webov\u00fdch str\u00e1nk\u00e1ch pat\u0159\u00ed v\u00fdhradn\u011b spole\u010dnosti <strong>Go Caribic S.R.L.<\/strong> nebo konkr\u00e9tn\u011b uveden\u00fdm dr\u017eitel\u016fm pr\u00e1v, jako jsou hotely, organiz\u00e1to\u0159i akc\u00ed. Pro reprodukci jak\u00e9hokoli prvku je t\u0159eba p\u0159edem z\u00edskat p\u00edsemn\u00fd souhlas dr\u017eitele autorsk\u00fdch pr\u00e1v.<\/p>\n","protected":false},"excerpt":{"rendered":"<p>Kontaktn\u00ed adresa Jd\u011bte do spole\u010dnosti Caribic S.R.L. Avenida Manolo Tavarez Justo Plaza Turisol \u010d. 55 Puerto Plata 57000 Dominik\u00e1nsk\u00e1 republika Email: service@gocaribic.com Osoba(y) opr\u00e1vn\u011bn\u00e1(\u00e9) zastupovat. Sebastien Garcia Z\u00e1pis do registru obchodn\u00edk\u016f N\u00e1zev registrovan\u00e9 spole\u010dnosti: Go Caribic S.R.L. 1006-PP \u010c\u00edslo DPH \u010c\u00edslo RNC (DPH): 1-01-53871-6 Odm\u00edtnut\u00ed odpov\u011bdnosti Autor nenese \u017e\u00e1dnou odpov\u011bdnost za spr\u00e1vnost, p\u0159esnost, aktu\u00e1lnost, spolehlivost [&hellip;]<\/p>\n","protected":false},"author":1,"featured_media":0,"parent":0,"menu_order":0,"comment_status":"closed","ping_status":"closed","template":"","meta":{"footnotes":""},"class_list":["post-13278","page","type-page","status-publish","hentry"],"yoast_head":"<!-- This site is optimized with the Yoast SEO plugin v27.4 - https:\/\/yoast.com\/product\/yoast-seo-wordpress\/ -->\n<title>Otisk - GoVacation Dominik\u00e1nsk\u00e1 Republika<\/title>\n<meta name=\"robots\" content=\"index, follow, max-snippet:-1, max-image-preview:large, max-video-preview:-1\" \/>\n<link rel=\"canonical\" href=\"https:\/\/govacation-domrep.com\/cs\/otisk\/\" \/>\n<meta property=\"og:locale\" content=\"cs_CZ\" \/>\n<meta property=\"og:type\" content=\"article\" \/>\n<meta property=\"og:title\" content=\"Otisk - GoVacation Dominik\u00e1nsk\u00e1 Republika\" \/>\n<meta property=\"og:description\" content=\"Kontaktn\u00ed adresa Jd\u011bte do spole\u010dnosti Caribic S.R.L. Avenida Manolo Tavarez Justo Plaza Turisol \u010d. 55 Puerto Plata 57000 Dominik\u00e1nsk\u00e1 republika Email: service@gocaribic.com Osoba(y) opr\u00e1vn\u011bn\u00e1(\u00e9) zastupovat. Sebastien Garcia Z\u00e1pis do registru obchodn\u00edk\u016f N\u00e1zev registrovan\u00e9 spole\u010dnosti: Go Caribic S.R.L. 1006-PP \u010c\u00edslo DPH \u010c\u00edslo RNC (DPH): 1-01-53871-6 Odm\u00edtnut\u00ed odpov\u011bdnosti Autor nenese \u017e\u00e1dnou odpov\u011bdnost za spr\u00e1vnost, p\u0159esnost, aktu\u00e1lnost, spolehlivost [&hellip;]\" \/>\n<meta property=\"og:url\" content=\"https:\/\/govacation-domrep.com\/cs\/otisk\/\" \/>\n<meta property=\"og:site_name\" content=\"GoVacation Dominik\u00e1nsk\u00e1 Republika\" \/>\n<meta property=\"article:modified_time\" content=\"2025-09-05T13:25:11+00:00\" \/>\n<meta name=\"twitter:card\" content=\"summary_large_image\" \/>\n<meta name=\"twitter:label1\" content=\"Odhadovan\u00e1 doba \u010dten\u00ed\" \/>\n\t<meta name=\"twitter:data1\" content=\"2 minuty\" \/>\n<script type=\"application\/ld+json\" class=\"yoast-schema-graph\">{\"@context\":\"https:\\\/\\\/schema.org\",\"@graph\":[{\"@type\":\"WebPage\",\"@id\":\"https:\\\/\\\/govacation-domrep.com\\\/cs\\\/otisk\\\/\",\"url\":\"https:\\\/\\\/govacation-domrep.com\\\/cs\\\/otisk\\\/\",\"name\":\"Otisk - GoVacation Dominik\u00e1nsk\u00e1 Republika\",\"isPartOf\":{\"@id\":\"https:\\\/\\\/govacation-domrep.com\\\/cs\\\/#website\"},\"datePublished\":\"2021-06-17T14:22:21+00:00\",\"dateModified\":\"2025-09-05T13:25:11+00:00\",\"breadcrumb\":{\"@id\":\"https:\\\/\\\/govacation-domrep.com\\\/cs\\\/otisk\\\/#breadcrumb\"},\"inLanguage\":\"cs\",\"potentialAction\":[{\"@type\":\"ReadAction\",\"target\":[\"https:\\\/\\\/govacation-domrep.com\\\/cs\\\/otisk\\\/\"]}]},{\"@type\":\"BreadcrumbList\",\"@id\":\"https:\\\/\\\/govacation-domrep.com\\\/cs\\\/otisk\\\/#breadcrumb\",\"itemListElement\":[{\"@type\":\"ListItem\",\"position\":1,\"name\":\"Home\",\"item\":\"https:\\\/\\\/govacation-domrep.com\\\/cs\\\/\"},{\"@type\":\"ListItem\",\"position\":2,\"name\":\"Otisk\"}]},{\"@type\":\"WebSite\",\"@id\":\"https:\\\/\\\/govacation-domrep.com\\\/cs\\\/#website\",\"url\":\"https:\\\/\\\/govacation-domrep.com\\\/cs\\\/\",\"name\":\"GoVacation Dominik\u00e1nsk\u00e1 Republika\",\"description\":\"Incoming Agentur\",\"potentialAction\":[{\"@type\":\"SearchAction\",\"target\":{\"@type\":\"EntryPoint\",\"urlTemplate\":\"https:\\\/\\\/govacation-domrep.com\\\/cs\\\/?s={search_term_string}\"},\"query-input\":{\"@type\":\"PropertyValueSpecification\",\"valueRequired\":true,\"valueName\":\"search_term_string\"}}],\"inLanguage\":\"cs\"}]}<\/script>\n<!-- \/ Yoast SEO plugin. -->","yoast_head_json":{"title":"Otisk - GoVacation Dominik\u00e1nsk\u00e1 Republika","robots":{"index":"index","follow":"follow","max-snippet":"max-snippet:-1","max-image-preview":"max-image-preview:large","max-video-preview":"max-video-preview:-1"},"canonical":"https:\/\/govacation-domrep.com\/cs\/otisk\/","og_locale":"cs_CZ","og_type":"article","og_title":"Otisk - GoVacation Dominik\u00e1nsk\u00e1 Republika","og_description":"Kontaktn\u00ed adresa Jd\u011bte do spole\u010dnosti Caribic S.R.L. Avenida Manolo Tavarez Justo Plaza Turisol \u010d. 55 Puerto Plata 57000 Dominik\u00e1nsk\u00e1 republika Email: service@gocaribic.com Osoba(y) opr\u00e1vn\u011bn\u00e1(\u00e9) zastupovat. Sebastien Garcia Z\u00e1pis do registru obchodn\u00edk\u016f N\u00e1zev registrovan\u00e9 spole\u010dnosti: Go Caribic S.R.L. 1006-PP \u010c\u00edslo DPH \u010c\u00edslo RNC (DPH): 1-01-53871-6 Odm\u00edtnut\u00ed odpov\u011bdnosti Autor nenese \u017e\u00e1dnou odpov\u011bdnost za spr\u00e1vnost, p\u0159esnost, aktu\u00e1lnost, spolehlivost [&hellip;]","og_url":"https:\/\/govacation-domrep.com\/cs\/otisk\/","og_site_name":"GoVacation Dominik\u00e1nsk\u00e1 Republika","article_modified_time":"2025-09-05T13:25:11+00:00","twitter_card":"summary_large_image","twitter_misc":{"Odhadovan\u00e1 doba \u010dten\u00ed":"2 minuty"},"schema":{"@context":"https:\/\/schema.org","@graph":[{"@type":"WebPage","@id":"https:\/\/govacation-domrep.com\/cs\/otisk\/","url":"https:\/\/govacation-domrep.com\/cs\/otisk\/","name":"Otisk - GoVacation Dominik\u00e1nsk\u00e1 Republika","isPartOf":{"@id":"https:\/\/govacation-domrep.com\/cs\/#website"},"datePublished":"2021-06-17T14:22:21+00:00","dateModified":"2025-09-05T13:25:11+00:00","breadcrumb":{"@id":"https:\/\/govacation-domrep.com\/cs\/otisk\/#breadcrumb"},"inLanguage":"cs","potentialAction":[{"@type":"ReadAction","target":["https:\/\/govacation-domrep.com\/cs\/otisk\/"]}]},{"@type":"BreadcrumbList","@id":"https:\/\/govacation-domrep.com\/cs\/otisk\/#breadcrumb","itemListElement":[{"@type":"ListItem","position":1,"name":"Home","item":"https:\/\/govacation-domrep.com\/cs\/"},{"@type":"ListItem","position":2,"name":"Otisk"}]},{"@type":"WebSite","@id":"https:\/\/govacation-domrep.com\/cs\/#website","url":"https:\/\/govacation-domrep.com\/cs\/","name":"GoVacation Dominik\u00e1nsk\u00e1 Republika","description":"Incoming Agentur","potentialAction":[{"@type":"SearchAction","target":{"@type":"EntryPoint","urlTemplate":"https:\/\/govacation-domrep.com\/cs\/?s={search_term_string}"},"query-input":{"@type":"PropertyValueSpecification","valueRequired":true,"valueName":"search_term_string"}}],"inLanguage":"cs"}]}},"_links":{"self":[{"href":"https:\/\/govacation-domrep.com\/cs\/wp-json\/wp\/v2\/pages\/13278","targetHints":{"allow":["GET"]}}],"collection":[{"href":"https:\/\/govacation-domrep.com\/cs\/wp-json\/wp\/v2\/pages"}],"about":[{"href":"https:\/\/govacation-domrep.com\/cs\/wp-json\/wp\/v2\/types\/page"}],"author":[{"embeddable":true,"href":"https:\/\/govacation-domrep.com\/cs\/wp-json\/wp\/v2\/users\/1"}],"replies":[{"embeddable":true,"href":"https:\/\/govacation-domrep.com\/cs\/wp-json\/wp\/v2\/comments?post=13278"}],"version-history":[{"count":6,"href":"https:\/\/govacation-domrep.com\/cs\/wp-json\/wp\/v2\/pages\/13278\/revisions"}],"predecessor-version":[{"id":31454,"href":"https:\/\/govacation-domrep.com\/cs\/wp-json\/wp\/v2\/pages\/13278\/revisions\/31454"}],"wp:attachment":[{"href":"https:\/\/govacation-domrep.com\/cs\/wp-json\/wp\/v2\/media?parent=13278"}],"curies":[{"name":"wp","href":"https:\/\/api.w.org\/{rel}","templated":true}]}}