{"id":13290,"date":"2020-10-13T13:43:27","date_gmt":"2020-10-13T13:43:27","guid":{"rendered":"https:\/\/gocaribic.com\/reiseinformationen-dominikanische-republik\/"},"modified":"2022-11-16T10:32:29","modified_gmt":"2022-11-16T14:32:29","slug":"cestovni-informace-dominikanska-republika","status":"publish","type":"page","link":"https:\/\/govacation-domrep.com\/cs\/cestovni-informace-dominikanska-republika\/","title":{"rendered":"Cestovn\u00ed informace"},"content":{"rendered":"","protected":false},"excerpt":{"rendered":"","protected":false},"author":1,"featured_media":0,"parent":0,"menu_order":0,"comment_status":"closed","ping_status":"closed","template":"","meta":{"footnotes":""},"class_list":["post-13290","page","type-page","status-publish","hentry"],"yoast_head":"<!-- This site is optimized with the Yoast SEO plugin v27.6 - https:\/\/yoast.com\/product\/yoast-seo-wordpress\/ -->\n<title>Cestovn\u00ed informace Dominik\u00e1nsk\u00e1 republika - GoVacation Dominik\u00e1nsk\u00e1 Republika<\/title>\n<meta name=\"description\" content=\"Aktu\u00e1ln\u00ed informace o Dominik\u00e1nsk\u00e9 republice pro turisty z N\u011bmecka, \u0160v\u00fdcarska, Rakouska, \u0160pan\u011blska a \u010cesk\u00e9 republiky.\" \/>\n<meta name=\"robots\" content=\"index, follow, max-snippet:-1, max-image-preview:large, max-video-preview:-1\" \/>\n<link rel=\"canonical\" href=\"https:\/\/govacation-domrep.com\/cs\/cestovni-informace-dominikanska-republika\/\" \/>\n<meta property=\"og:locale\" content=\"cs_CZ\" \/>\n<meta property=\"og:type\" content=\"article\" \/>\n<meta property=\"og:title\" content=\"Cestovn\u00ed informace Dominik\u00e1nsk\u00e1 republika - GoVacation Dominik\u00e1nsk\u00e1 Republika\" \/>\n<meta property=\"og:description\" content=\"Aktu\u00e1ln\u00ed informace o Dominik\u00e1nsk\u00e9 republice pro turisty z N\u011bmecka, \u0160v\u00fdcarska, Rakouska, \u0160pan\u011blska a \u010cesk\u00e9 republiky.\" \/>\n<meta property=\"og:url\" content=\"https:\/\/govacation-domrep.com\/cs\/cestovni-informace-dominikanska-republika\/\" \/>\n<meta property=\"og:site_name\" content=\"GoVacation Dominik\u00e1nsk\u00e1 Republika\" \/>\n<meta property=\"article:modified_time\" content=\"2022-11-16T14:32:29+00:00\" \/>\n<meta name=\"twitter:card\" content=\"summary_large_image\" \/>\n<script type=\"application\/ld+json\" class=\"yoast-schema-graph\">{\"@context\":\"https:\\\/\\\/schema.org\",\"@graph\":[{\"@type\":\"WebPage\",\"@id\":\"https:\\\/\\\/govacation-domrep.com\\\/cs\\\/cestovni-informace-dominikanska-republika\\\/\",\"url\":\"https:\\\/\\\/govacation-domrep.com\\\/cs\\\/cestovni-informace-dominikanska-republika\\\/\",\"name\":\"Cestovn\u00ed informace Dominik\u00e1nsk\u00e1 republika - GoVacation Dominik\u00e1nsk\u00e1 Republika\",\"isPartOf\":{\"@id\":\"https:\\\/\\\/govacation-domrep.com\\\/cs\\\/#website\"},\"datePublished\":\"2020-10-13T13:43:27+00:00\",\"dateModified\":\"2022-11-16T14:32:29+00:00\",\"description\":\"Aktu\u00e1ln\u00ed informace o Dominik\u00e1nsk\u00e9 republice pro turisty z N\u011bmecka, \u0160v\u00fdcarska, Rakouska, \u0160pan\u011blska a \u010cesk\u00e9 republiky.\",\"breadcrumb\":{\"@id\":\"https:\\\/\\\/govacation-domrep.com\\\/cs\\\/cestovni-informace-dominikanska-republika\\\/#breadcrumb\"},\"inLanguage\":\"cs\",\"potentialAction\":[{\"@type\":\"ReadAction\",\"target\":[\"https:\\\/\\\/govacation-domrep.com\\\/cs\\\/cestovni-informace-dominikanska-republika\\\/\"]}]},{\"@type\":\"BreadcrumbList\",\"@id\":\"https:\\\/\\\/govacation-domrep.com\\\/cs\\\/cestovni-informace-dominikanska-republika\\\/#breadcrumb\",\"itemListElement\":[{\"@type\":\"ListItem\",\"position\":1,\"name\":\"Home\",\"item\":\"https:\\\/\\\/govacation-domrep.com\\\/cs\\\/\"},{\"@type\":\"ListItem\",\"position\":2,\"name\":\"Cestovn\u00ed informace\"}]},{\"@type\":\"WebSite\",\"@id\":\"https:\\\/\\\/govacation-domrep.com\\\/cs\\\/#website\",\"url\":\"https:\\\/\\\/govacation-domrep.com\\\/cs\\\/\",\"name\":\"GoVacation Dominik\u00e1nsk\u00e1 Republika\",\"description\":\"Incoming Agentur\",\"potentialAction\":[{\"@type\":\"SearchAction\",\"target\":{\"@type\":\"EntryPoint\",\"urlTemplate\":\"https:\\\/\\\/govacation-domrep.com\\\/cs\\\/?s={search_term_string}\"},\"query-input\":{\"@type\":\"PropertyValueSpecification\",\"valueRequired\":true,\"valueName\":\"search_term_string\"}}],\"inLanguage\":\"cs\"}]}<\/script>\n<!-- \/ Yoast SEO plugin. -->","yoast_head_json":{"title":"Cestovn\u00ed informace Dominik\u00e1nsk\u00e1 republika - GoVacation Dominik\u00e1nsk\u00e1 Republika","description":"Aktu\u00e1ln\u00ed informace o Dominik\u00e1nsk\u00e9 republice pro turisty z N\u011bmecka, \u0160v\u00fdcarska, Rakouska, \u0160pan\u011blska a \u010cesk\u00e9 republiky.","robots":{"index":"index","follow":"follow","max-snippet":"max-snippet:-1","max-image-preview":"max-image-preview:large","max-video-preview":"max-video-preview:-1"},"canonical":"https:\/\/govacation-domrep.com\/cs\/cestovni-informace-dominikanska-republika\/","og_locale":"cs_CZ","og_type":"article","og_title":"Cestovn\u00ed informace Dominik\u00e1nsk\u00e1 republika - GoVacation Dominik\u00e1nsk\u00e1 Republika","og_description":"Aktu\u00e1ln\u00ed informace o Dominik\u00e1nsk\u00e9 republice pro turisty z N\u011bmecka, \u0160v\u00fdcarska, Rakouska, \u0160pan\u011blska a \u010cesk\u00e9 republiky.","og_url":"https:\/\/govacation-domrep.com\/cs\/cestovni-informace-dominikanska-republika\/","og_site_name":"GoVacation Dominik\u00e1nsk\u00e1 Republika","article_modified_time":"2022-11-16T14:32:29+00:00","twitter_card":"summary_large_image","schema":{"@context":"https:\/\/schema.org","@graph":[{"@type":"WebPage","@id":"https:\/\/govacation-domrep.com\/cs\/cestovni-informace-dominikanska-republika\/","url":"https:\/\/govacation-domrep.com\/cs\/cestovni-informace-dominikanska-republika\/","name":"Cestovn\u00ed informace Dominik\u00e1nsk\u00e1 republika - GoVacation Dominik\u00e1nsk\u00e1 Republika","isPartOf":{"@id":"https:\/\/govacation-domrep.com\/cs\/#website"},"datePublished":"2020-10-13T13:43:27+00:00","dateModified":"2022-11-16T14:32:29+00:00","description":"Aktu\u00e1ln\u00ed informace o Dominik\u00e1nsk\u00e9 republice pro turisty z N\u011bmecka, \u0160v\u00fdcarska, Rakouska, \u0160pan\u011blska a \u010cesk\u00e9 republiky.","breadcrumb":{"@id":"https:\/\/govacation-domrep.com\/cs\/cestovni-informace-dominikanska-republika\/#breadcrumb"},"inLanguage":"cs","potentialAction":[{"@type":"ReadAction","target":["https:\/\/govacation-domrep.com\/cs\/cestovni-informace-dominikanska-republika\/"]}]},{"@type":"BreadcrumbList","@id":"https:\/\/govacation-domrep.com\/cs\/cestovni-informace-dominikanska-republika\/#breadcrumb","itemListElement":[{"@type":"ListItem","position":1,"name":"Home","item":"https:\/\/govacation-domrep.com\/cs\/"},{"@type":"ListItem","position":2,"name":"Cestovn\u00ed informace"}]},{"@type":"WebSite","@id":"https:\/\/govacation-domrep.com\/cs\/#website","url":"https:\/\/govacation-domrep.com\/cs\/","name":"GoVacation Dominik\u00e1nsk\u00e1 Republika","description":"Incoming Agentur","potentialAction":[{"@type":"SearchAction","target":{"@type":"EntryPoint","urlTemplate":"https:\/\/govacation-domrep.com\/cs\/?s={search_term_string}"},"query-input":{"@type":"PropertyValueSpecification","valueRequired":true,"valueName":"search_term_string"}}],"inLanguage":"cs"}]}},"_links":{"self":[{"href":"https:\/\/govacation-domrep.com\/cs\/wp-json\/wp\/v2\/pages\/13290","targetHints":{"allow":["GET"]}}],"collection":[{"href":"https:\/\/govacation-domrep.com\/cs\/wp-json\/wp\/v2\/pages"}],"about":[{"href":"https:\/\/govacation-domrep.com\/cs\/wp-json\/wp\/v2\/types\/page"}],"author":[{"embeddable":true,"href":"https:\/\/govacation-domrep.com\/cs\/wp-json\/wp\/v2\/users\/1"}],"replies":[{"embeddable":true,"href":"https:\/\/govacation-domrep.com\/cs\/wp-json\/wp\/v2\/comments?post=13290"}],"version-history":[{"count":2,"href":"https:\/\/govacation-domrep.com\/cs\/wp-json\/wp\/v2\/pages\/13290\/revisions"}],"predecessor-version":[{"id":26137,"href":"https:\/\/govacation-domrep.com\/cs\/wp-json\/wp\/v2\/pages\/13290\/revisions\/26137"}],"wp:attachment":[{"href":"https:\/\/govacation-domrep.com\/cs\/wp-json\/wp\/v2\/media?parent=13290"}],"curies":[{"name":"wp","href":"https:\/\/api.w.org\/{rel}","templated":true}]}}