{"id":31796,"date":"2025-09-23T09:26:51","date_gmt":"2025-09-23T13:26:51","guid":{"rendered":"https:\/\/govacation-domrep.com\/?page_id=31796"},"modified":"2025-10-12T20:20:42","modified_gmt":"2025-10-13T00:20:42","slug":"programu-vyletu-las-galeras","status":"publish","type":"page","link":"https:\/\/govacation-domrep.com\/cs\/exkurze-aktivity-dominikanska-republika\/programu-vyletu-las-galeras\/","title":{"rendered":"Programu v\u00fdlet\u016f Las Galeras"},"content":{"rendered":"","protected":false},"excerpt":{"rendered":"","protected":false},"author":1,"featured_media":0,"parent":13226,"menu_order":0,"comment_status":"closed","ping_status":"closed","template":"","meta":{"footnotes":""},"class_list":["post-31796","page","type-page","status-publish","hentry"],"yoast_head":"<!-- This site is optimized with the Yoast SEO plugin v27.4 - https:\/\/yoast.com\/product\/yoast-seo-wordpress\/ -->\n<title>Programu v\u00fdlet\u016f Las Galeras - GoVacation Dominik\u00e1nsk\u00e1 Republika<\/title>\n<meta name=\"description\" content=\"V\u00fdlety a aktivity na Las Galeras, Dominik\u00e1nsk\u00e1 republika. Rezervujte si sv\u00e9 v\u00fdlety p\u0159\u00edmo online prost\u0159ednictv\u00edm sv\u00e9ho pr\u016fvodce.\" \/>\n<meta name=\"robots\" content=\"index, follow, max-snippet:-1, max-image-preview:large, max-video-preview:-1\" \/>\n<link rel=\"canonical\" href=\"https:\/\/govacation-domrep.com\/cs\/exkurze-aktivity-dominikanska-republika\/programu-vyletu-las-galeras\/\" \/>\n<meta property=\"og:locale\" content=\"cs_CZ\" \/>\n<meta property=\"og:type\" content=\"article\" \/>\n<meta property=\"og:title\" content=\"Programu v\u00fdlet\u016f Las Galeras - GoVacation Dominik\u00e1nsk\u00e1 Republika\" \/>\n<meta property=\"og:description\" content=\"V\u00fdlety a aktivity na Las Galeras, Dominik\u00e1nsk\u00e1 republika. Rezervujte si sv\u00e9 v\u00fdlety p\u0159\u00edmo online prost\u0159ednictv\u00edm sv\u00e9ho pr\u016fvodce.\" \/>\n<meta property=\"og:url\" content=\"https:\/\/govacation-domrep.com\/cs\/exkurze-aktivity-dominikanska-republika\/programu-vyletu-las-galeras\/\" \/>\n<meta property=\"og:site_name\" content=\"GoVacation Dominik\u00e1nsk\u00e1 Republika\" \/>\n<meta property=\"article:modified_time\" content=\"2025-10-13T00:20:42+00:00\" \/>\n<meta name=\"twitter:card\" content=\"summary_large_image\" \/>\n<meta name=\"twitter:label1\" content=\"Odhadovan\u00e1 doba \u010dten\u00ed\" \/>\n\t<meta name=\"twitter:data1\" content=\"4 minuty\" \/>\n<script type=\"application\/ld+json\" class=\"yoast-schema-graph\">{\"@context\":\"https:\\\/\\\/schema.org\",\"@graph\":[{\"@type\":\"WebPage\",\"@id\":\"https:\\\/\\\/govacation-domrep.com\\\/cs\\\/exkurze-aktivity-dominikanska-republika\\\/programu-vyletu-las-galeras\\\/\",\"url\":\"https:\\\/\\\/govacation-domrep.com\\\/cs\\\/exkurze-aktivity-dominikanska-republika\\\/programu-vyletu-las-galeras\\\/\",\"name\":\"Programu v\u00fdlet\u016f Las Galeras - GoVacation Dominik\u00e1nsk\u00e1 Republika\",\"isPartOf\":{\"@id\":\"https:\\\/\\\/govacation-domrep.com\\\/cs\\\/#website\"},\"datePublished\":\"2025-09-23T13:26:51+00:00\",\"dateModified\":\"2025-10-13T00:20:42+00:00\",\"description\":\"V\u00fdlety a aktivity na Las Galeras, Dominik\u00e1nsk\u00e1 republika. Rezervujte si sv\u00e9 v\u00fdlety p\u0159\u00edmo online prost\u0159ednictv\u00edm sv\u00e9ho pr\u016fvodce.\",\"breadcrumb\":{\"@id\":\"https:\\\/\\\/govacation-domrep.com\\\/cs\\\/exkurze-aktivity-dominikanska-republika\\\/programu-vyletu-las-galeras\\\/#breadcrumb\"},\"inLanguage\":\"cs\",\"potentialAction\":[{\"@type\":\"ReadAction\",\"target\":[\"https:\\\/\\\/govacation-domrep.com\\\/cs\\\/exkurze-aktivity-dominikanska-republika\\\/programu-vyletu-las-galeras\\\/\"]}]},{\"@type\":\"BreadcrumbList\",\"@id\":\"https:\\\/\\\/govacation-domrep.com\\\/cs\\\/exkurze-aktivity-dominikanska-republika\\\/programu-vyletu-las-galeras\\\/#breadcrumb\",\"itemListElement\":[{\"@type\":\"ListItem\",\"position\":1,\"name\":\"Home\",\"item\":\"https:\\\/\\\/govacation-domrep.com\\\/cs\\\/\"},{\"@type\":\"ListItem\",\"position\":2,\"name\":\"Exkurze a aktivity\",\"item\":\"https:\\\/\\\/govacation-domrep.com\\\/cs\\\/exkurze-aktivity-dominikanska-republika\\\/\"},{\"@type\":\"ListItem\",\"position\":3,\"name\":\"Programu v\u00fdlet\u016f Las Galeras\"}]},{\"@type\":\"WebSite\",\"@id\":\"https:\\\/\\\/govacation-domrep.com\\\/cs\\\/#website\",\"url\":\"https:\\\/\\\/govacation-domrep.com\\\/cs\\\/\",\"name\":\"GoVacation Dominik\u00e1nsk\u00e1 Republika\",\"description\":\"Incoming Agentur\",\"potentialAction\":[{\"@type\":\"SearchAction\",\"target\":{\"@type\":\"EntryPoint\",\"urlTemplate\":\"https:\\\/\\\/govacation-domrep.com\\\/cs\\\/?s={search_term_string}\"},\"query-input\":{\"@type\":\"PropertyValueSpecification\",\"valueRequired\":true,\"valueName\":\"search_term_string\"}}],\"inLanguage\":\"cs\"}]}<\/script>\n<!-- \/ Yoast SEO plugin. -->","yoast_head_json":{"title":"Programu v\u00fdlet\u016f Las Galeras - GoVacation Dominik\u00e1nsk\u00e1 Republika","description":"V\u00fdlety a aktivity na Las Galeras, Dominik\u00e1nsk\u00e1 republika. Rezervujte si sv\u00e9 v\u00fdlety p\u0159\u00edmo online prost\u0159ednictv\u00edm sv\u00e9ho pr\u016fvodce.","robots":{"index":"index","follow":"follow","max-snippet":"max-snippet:-1","max-image-preview":"max-image-preview:large","max-video-preview":"max-video-preview:-1"},"canonical":"https:\/\/govacation-domrep.com\/cs\/exkurze-aktivity-dominikanska-republika\/programu-vyletu-las-galeras\/","og_locale":"cs_CZ","og_type":"article","og_title":"Programu v\u00fdlet\u016f Las Galeras - GoVacation Dominik\u00e1nsk\u00e1 Republika","og_description":"V\u00fdlety a aktivity na Las Galeras, Dominik\u00e1nsk\u00e1 republika. Rezervujte si sv\u00e9 v\u00fdlety p\u0159\u00edmo online prost\u0159ednictv\u00edm sv\u00e9ho pr\u016fvodce.","og_url":"https:\/\/govacation-domrep.com\/cs\/exkurze-aktivity-dominikanska-republika\/programu-vyletu-las-galeras\/","og_site_name":"GoVacation Dominik\u00e1nsk\u00e1 Republika","article_modified_time":"2025-10-13T00:20:42+00:00","twitter_card":"summary_large_image","twitter_misc":{"Odhadovan\u00e1 doba \u010dten\u00ed":"4 minuty"},"schema":{"@context":"https:\/\/schema.org","@graph":[{"@type":"WebPage","@id":"https:\/\/govacation-domrep.com\/cs\/exkurze-aktivity-dominikanska-republika\/programu-vyletu-las-galeras\/","url":"https:\/\/govacation-domrep.com\/cs\/exkurze-aktivity-dominikanska-republika\/programu-vyletu-las-galeras\/","name":"Programu v\u00fdlet\u016f Las Galeras - GoVacation Dominik\u00e1nsk\u00e1 Republika","isPartOf":{"@id":"https:\/\/govacation-domrep.com\/cs\/#website"},"datePublished":"2025-09-23T13:26:51+00:00","dateModified":"2025-10-13T00:20:42+00:00","description":"V\u00fdlety a aktivity na Las Galeras, Dominik\u00e1nsk\u00e1 republika. Rezervujte si sv\u00e9 v\u00fdlety p\u0159\u00edmo online prost\u0159ednictv\u00edm sv\u00e9ho pr\u016fvodce.","breadcrumb":{"@id":"https:\/\/govacation-domrep.com\/cs\/exkurze-aktivity-dominikanska-republika\/programu-vyletu-las-galeras\/#breadcrumb"},"inLanguage":"cs","potentialAction":[{"@type":"ReadAction","target":["https:\/\/govacation-domrep.com\/cs\/exkurze-aktivity-dominikanska-republika\/programu-vyletu-las-galeras\/"]}]},{"@type":"BreadcrumbList","@id":"https:\/\/govacation-domrep.com\/cs\/exkurze-aktivity-dominikanska-republika\/programu-vyletu-las-galeras\/#breadcrumb","itemListElement":[{"@type":"ListItem","position":1,"name":"Home","item":"https:\/\/govacation-domrep.com\/cs\/"},{"@type":"ListItem","position":2,"name":"Exkurze a aktivity","item":"https:\/\/govacation-domrep.com\/cs\/exkurze-aktivity-dominikanska-republika\/"},{"@type":"ListItem","position":3,"name":"Programu v\u00fdlet\u016f Las Galeras"}]},{"@type":"WebSite","@id":"https:\/\/govacation-domrep.com\/cs\/#website","url":"https:\/\/govacation-domrep.com\/cs\/","name":"GoVacation Dominik\u00e1nsk\u00e1 Republika","description":"Incoming Agentur","potentialAction":[{"@type":"SearchAction","target":{"@type":"EntryPoint","urlTemplate":"https:\/\/govacation-domrep.com\/cs\/?s={search_term_string}"},"query-input":{"@type":"PropertyValueSpecification","valueRequired":true,"valueName":"search_term_string"}}],"inLanguage":"cs"}]}},"_links":{"self":[{"href":"https:\/\/govacation-domrep.com\/cs\/wp-json\/wp\/v2\/pages\/31796","targetHints":{"allow":["GET"]}}],"collection":[{"href":"https:\/\/govacation-domrep.com\/cs\/wp-json\/wp\/v2\/pages"}],"about":[{"href":"https:\/\/govacation-domrep.com\/cs\/wp-json\/wp\/v2\/types\/page"}],"author":[{"embeddable":true,"href":"https:\/\/govacation-domrep.com\/cs\/wp-json\/wp\/v2\/users\/1"}],"replies":[{"embeddable":true,"href":"https:\/\/govacation-domrep.com\/cs\/wp-json\/wp\/v2\/comments?post=31796"}],"version-history":[{"count":3,"href":"https:\/\/govacation-domrep.com\/cs\/wp-json\/wp\/v2\/pages\/31796\/revisions"}],"predecessor-version":[{"id":32927,"href":"https:\/\/govacation-domrep.com\/cs\/wp-json\/wp\/v2\/pages\/31796\/revisions\/32927"}],"up":[{"embeddable":true,"href":"https:\/\/govacation-domrep.com\/cs\/wp-json\/wp\/v2\/pages\/13226"}],"wp:attachment":[{"href":"https:\/\/govacation-domrep.com\/cs\/wp-json\/wp\/v2\/media?parent=31796"}],"curies":[{"name":"wp","href":"https:\/\/api.w.org\/{rel}","templated":true}]}}