{"id":31813,"date":"2025-09-23T09:33:15","date_gmt":"2025-09-23T13:33:15","guid":{"rendered":"https:\/\/govacation-domrep.com\/?page_id=31813"},"modified":"2025-10-12T20:09:05","modified_gmt":"2025-10-13T00:09:05","slug":"excursions-activities-santa-barbara-de-samana","status":"publish","type":"page","link":"https:\/\/govacation-domrep.com\/en\/excursions-activities-dominican-republic\/excursions-activities-santa-barbara-de-samana\/","title":{"rendered":"Excursions &#038; Activities Santa B\u00e1rbara de Samana"},"content":{"rendered":"","protected":false},"excerpt":{"rendered":"","protected":false},"author":1,"featured_media":0,"parent":13215,"menu_order":0,"comment_status":"closed","ping_status":"closed","template":"","meta":{"footnotes":""},"class_list":["post-31813","page","type-page","status-publish","hentry"],"yoast_head":"<!-- This site is optimized with the Yoast SEO plugin v27.3 - https:\/\/yoast.com\/product\/yoast-seo-wordpress\/ -->\n<title>Excursions &amp; Activities Santa B\u00e1rbara de Samana - GoVacation Dominican Republic<\/title>\n<meta name=\"description\" content=\"Ausfl\u00fcge und Aktivit\u00e4ten in Las Terrenas, Dominikanische Republik. Buchen Sie Ihre Ausfl\u00fcge direkt online \u00fcber Ihre Reiseleitung.\" \/>\n<meta name=\"robots\" content=\"index, follow, max-snippet:-1, max-image-preview:large, max-video-preview:-1\" \/>\n<link rel=\"canonical\" href=\"https:\/\/govacation-domrep.com\/en\/excursions-activities-dominican-republic\/excursions-activities-santa-barbara-de-samana\/\" \/>\n<meta property=\"og:locale\" content=\"en_US\" \/>\n<meta property=\"og:type\" content=\"article\" \/>\n<meta property=\"og:title\" content=\"Excursions &amp; Activities Santa B\u00e1rbara de Samana - GoVacation Dominican Republic\" \/>\n<meta property=\"og:description\" content=\"Ausfl\u00fcge und Aktivit\u00e4ten in Las Terrenas, Dominikanische Republik. Buchen Sie Ihre Ausfl\u00fcge direkt online \u00fcber Ihre Reiseleitung.\" \/>\n<meta property=\"og:url\" content=\"https:\/\/govacation-domrep.com\/en\/excursions-activities-dominican-republic\/excursions-activities-santa-barbara-de-samana\/\" \/>\n<meta property=\"og:site_name\" content=\"GoVacation Dominican Republic\" \/>\n<meta property=\"article:modified_time\" content=\"2025-10-13T00:09:05+00:00\" \/>\n<meta name=\"twitter:card\" content=\"summary_large_image\" \/>\n<meta name=\"twitter:label1\" content=\"Est. reading time\" \/>\n\t<meta name=\"twitter:data1\" content=\"4 minutes\" \/>\n<script type=\"application\/ld+json\" class=\"yoast-schema-graph\">{\"@context\":\"https:\\\/\\\/schema.org\",\"@graph\":[{\"@type\":\"WebPage\",\"@id\":\"https:\\\/\\\/govacation-domrep.com\\\/en\\\/excursions-activities-dominican-republic\\\/excursions-activities-santa-barbara-de-samana\\\/\",\"url\":\"https:\\\/\\\/govacation-domrep.com\\\/en\\\/excursions-activities-dominican-republic\\\/excursions-activities-santa-barbara-de-samana\\\/\",\"name\":\"Excursions & Activities Santa B\u00e1rbara de Samana - GoVacation Dominican Republic\",\"isPartOf\":{\"@id\":\"https:\\\/\\\/govacation-domrep.com\\\/en\\\/#website\"},\"datePublished\":\"2025-09-23T13:33:15+00:00\",\"dateModified\":\"2025-10-13T00:09:05+00:00\",\"description\":\"Ausfl\u00fcge und Aktivit\u00e4ten in Las Terrenas, Dominikanische Republik. Buchen Sie Ihre Ausfl\u00fcge direkt online \u00fcber Ihre Reiseleitung.\",\"breadcrumb\":{\"@id\":\"https:\\\/\\\/govacation-domrep.com\\\/en\\\/excursions-activities-dominican-republic\\\/excursions-activities-santa-barbara-de-samana\\\/#breadcrumb\"},\"inLanguage\":\"en-US\",\"potentialAction\":[{\"@type\":\"ReadAction\",\"target\":[\"https:\\\/\\\/govacation-domrep.com\\\/en\\\/excursions-activities-dominican-republic\\\/excursions-activities-santa-barbara-de-samana\\\/\"]}]},{\"@type\":\"BreadcrumbList\",\"@id\":\"https:\\\/\\\/govacation-domrep.com\\\/en\\\/excursions-activities-dominican-republic\\\/excursions-activities-santa-barbara-de-samana\\\/#breadcrumb\",\"itemListElement\":[{\"@type\":\"ListItem\",\"position\":1,\"name\":\"Home\",\"item\":\"https:\\\/\\\/govacation-domrep.com\\\/en\\\/\"},{\"@type\":\"ListItem\",\"position\":2,\"name\":\"Excursions and Activities\",\"item\":\"https:\\\/\\\/govacation-domrep.com\\\/en\\\/excursions-activities-dominican-republic\\\/\"},{\"@type\":\"ListItem\",\"position\":3,\"name\":\"Excursions &#038; Activities Santa B\u00e1rbara de Samana\"}]},{\"@type\":\"WebSite\",\"@id\":\"https:\\\/\\\/govacation-domrep.com\\\/en\\\/#website\",\"url\":\"https:\\\/\\\/govacation-domrep.com\\\/en\\\/\",\"name\":\"GoVacation Dominican Republic\",\"description\":\"Incoming Agentur\",\"potentialAction\":[{\"@type\":\"SearchAction\",\"target\":{\"@type\":\"EntryPoint\",\"urlTemplate\":\"https:\\\/\\\/govacation-domrep.com\\\/en\\\/?s={search_term_string}\"},\"query-input\":{\"@type\":\"PropertyValueSpecification\",\"valueRequired\":true,\"valueName\":\"search_term_string\"}}],\"inLanguage\":\"en-US\"}]}<\/script>\n<!-- \/ Yoast SEO plugin. -->","yoast_head_json":{"title":"Excursions & Activities Santa B\u00e1rbara de Samana - GoVacation Dominican Republic","description":"Ausfl\u00fcge und Aktivit\u00e4ten in Las Terrenas, Dominikanische Republik. Buchen Sie Ihre Ausfl\u00fcge direkt online \u00fcber Ihre Reiseleitung.","robots":{"index":"index","follow":"follow","max-snippet":"max-snippet:-1","max-image-preview":"max-image-preview:large","max-video-preview":"max-video-preview:-1"},"canonical":"https:\/\/govacation-domrep.com\/en\/excursions-activities-dominican-republic\/excursions-activities-santa-barbara-de-samana\/","og_locale":"en_US","og_type":"article","og_title":"Excursions & Activities Santa B\u00e1rbara de Samana - GoVacation Dominican Republic","og_description":"Ausfl\u00fcge und Aktivit\u00e4ten in Las Terrenas, Dominikanische Republik. Buchen Sie Ihre Ausfl\u00fcge direkt online \u00fcber Ihre Reiseleitung.","og_url":"https:\/\/govacation-domrep.com\/en\/excursions-activities-dominican-republic\/excursions-activities-santa-barbara-de-samana\/","og_site_name":"GoVacation Dominican Republic","article_modified_time":"2025-10-13T00:09:05+00:00","twitter_card":"summary_large_image","twitter_misc":{"Est. reading time":"4 minutes"},"schema":{"@context":"https:\/\/schema.org","@graph":[{"@type":"WebPage","@id":"https:\/\/govacation-domrep.com\/en\/excursions-activities-dominican-republic\/excursions-activities-santa-barbara-de-samana\/","url":"https:\/\/govacation-domrep.com\/en\/excursions-activities-dominican-republic\/excursions-activities-santa-barbara-de-samana\/","name":"Excursions & Activities Santa B\u00e1rbara de Samana - GoVacation Dominican Republic","isPartOf":{"@id":"https:\/\/govacation-domrep.com\/en\/#website"},"datePublished":"2025-09-23T13:33:15+00:00","dateModified":"2025-10-13T00:09:05+00:00","description":"Ausfl\u00fcge und Aktivit\u00e4ten in Las Terrenas, Dominikanische Republik. Buchen Sie Ihre Ausfl\u00fcge direkt online \u00fcber Ihre Reiseleitung.","breadcrumb":{"@id":"https:\/\/govacation-domrep.com\/en\/excursions-activities-dominican-republic\/excursions-activities-santa-barbara-de-samana\/#breadcrumb"},"inLanguage":"en-US","potentialAction":[{"@type":"ReadAction","target":["https:\/\/govacation-domrep.com\/en\/excursions-activities-dominican-republic\/excursions-activities-santa-barbara-de-samana\/"]}]},{"@type":"BreadcrumbList","@id":"https:\/\/govacation-domrep.com\/en\/excursions-activities-dominican-republic\/excursions-activities-santa-barbara-de-samana\/#breadcrumb","itemListElement":[{"@type":"ListItem","position":1,"name":"Home","item":"https:\/\/govacation-domrep.com\/en\/"},{"@type":"ListItem","position":2,"name":"Excursions and Activities","item":"https:\/\/govacation-domrep.com\/en\/excursions-activities-dominican-republic\/"},{"@type":"ListItem","position":3,"name":"Excursions &#038; Activities Santa B\u00e1rbara de Samana"}]},{"@type":"WebSite","@id":"https:\/\/govacation-domrep.com\/en\/#website","url":"https:\/\/govacation-domrep.com\/en\/","name":"GoVacation Dominican Republic","description":"Incoming Agentur","potentialAction":[{"@type":"SearchAction","target":{"@type":"EntryPoint","urlTemplate":"https:\/\/govacation-domrep.com\/en\/?s={search_term_string}"},"query-input":{"@type":"PropertyValueSpecification","valueRequired":true,"valueName":"search_term_string"}}],"inLanguage":"en-US"}]}},"_links":{"self":[{"href":"https:\/\/govacation-domrep.com\/en\/wp-json\/wp\/v2\/pages\/31813","targetHints":{"allow":["GET"]}}],"collection":[{"href":"https:\/\/govacation-domrep.com\/en\/wp-json\/wp\/v2\/pages"}],"about":[{"href":"https:\/\/govacation-domrep.com\/en\/wp-json\/wp\/v2\/types\/page"}],"author":[{"embeddable":true,"href":"https:\/\/govacation-domrep.com\/en\/wp-json\/wp\/v2\/users\/1"}],"replies":[{"embeddable":true,"href":"https:\/\/govacation-domrep.com\/en\/wp-json\/wp\/v2\/comments?post=31813"}],"version-history":[{"count":3,"href":"https:\/\/govacation-domrep.com\/en\/wp-json\/wp\/v2\/pages\/31813\/revisions"}],"predecessor-version":[{"id":32911,"href":"https:\/\/govacation-domrep.com\/en\/wp-json\/wp\/v2\/pages\/31813\/revisions\/32911"}],"up":[{"embeddable":true,"href":"https:\/\/govacation-domrep.com\/en\/wp-json\/wp\/v2\/pages\/13215"}],"wp:attachment":[{"href":"https:\/\/govacation-domrep.com\/en\/wp-json\/wp\/v2\/media?parent=31813"}],"curies":[{"name":"wp","href":"https:\/\/api.w.org\/{rel}","templated":true}]}}