{"id":13227,"date":"2021-08-07T20:12:05","date_gmt":"2021-08-07T20:12:05","guid":{"rendered":"https:\/\/gocaribic.com\/ausfluege-aktivitaeten-dominikanische-republik\/"},"modified":"2022-11-16T10:03:15","modified_gmt":"2022-11-16T14:03:15","slug":"excursiones-y-actividades","status":"publish","type":"page","link":"https:\/\/govacation-domrep.com\/es\/excursiones-y-actividades\/","title":{"rendered":"Excursiones y actividades"},"content":{"rendered":"","protected":false},"excerpt":{"rendered":"","protected":false},"author":1,"featured_media":0,"parent":0,"menu_order":0,"comment_status":"closed","ping_status":"closed","template":"","meta":{"footnotes":""},"class_list":["post-13227","page","type-page","status-publish","hentry"],"yoast_head":"<!-- This site is optimized with the Yoast SEO plugin v27.3 - https:\/\/yoast.com\/product\/yoast-seo-wordpress\/ -->\n<title>Excursiones y actividades Rep\u00fablica Dominicana - GoVacation Rep\u00fablica Dominicana<\/title>\n<meta name=\"description\" content=\"Reserva en l\u00ednea de excursiones y actividades seleccionadas de operadores tur\u00edsticos alemanes en la Rep\u00fablica Dominicana\" \/>\n<meta name=\"robots\" content=\"index, follow, max-snippet:-1, max-image-preview:large, max-video-preview:-1\" \/>\n<link rel=\"canonical\" href=\"https:\/\/govacation-domrep.com\/es\/excursiones-y-actividades\/\" \/>\n<meta property=\"og:locale\" content=\"es_ES\" \/>\n<meta property=\"og:type\" content=\"article\" \/>\n<meta property=\"og:title\" content=\"Excursiones y actividades Rep\u00fablica Dominicana - GoVacation Rep\u00fablica Dominicana\" \/>\n<meta property=\"og:description\" content=\"Reserva en l\u00ednea de excursiones y actividades seleccionadas de operadores tur\u00edsticos alemanes en la Rep\u00fablica Dominicana\" \/>\n<meta property=\"og:url\" content=\"https:\/\/govacation-domrep.com\/es\/excursiones-y-actividades\/\" \/>\n<meta property=\"og:site_name\" content=\"GoVacation Rep\u00fablica Dominicana\" \/>\n<meta property=\"article:modified_time\" content=\"2022-11-16T14:03:15+00:00\" \/>\n<meta name=\"twitter:card\" content=\"summary_large_image\" \/>\n<script type=\"application\/ld+json\" class=\"yoast-schema-graph\">{\"@context\":\"https:\\\/\\\/schema.org\",\"@graph\":[{\"@type\":\"WebPage\",\"@id\":\"https:\\\/\\\/govacation-domrep.com\\\/es\\\/excursiones-y-actividades\\\/\",\"url\":\"https:\\\/\\\/govacation-domrep.com\\\/es\\\/excursiones-y-actividades\\\/\",\"name\":\"Excursiones y actividades Rep\u00fablica Dominicana - GoVacation Rep\u00fablica Dominicana\",\"isPartOf\":{\"@id\":\"https:\\\/\\\/govacation-domrep.com\\\/es\\\/#website\"},\"datePublished\":\"2021-08-07T20:12:05+00:00\",\"dateModified\":\"2022-11-16T14:03:15+00:00\",\"description\":\"Reserva en l\u00ednea de excursiones y actividades seleccionadas de operadores tur\u00edsticos alemanes en la Rep\u00fablica Dominicana\",\"breadcrumb\":{\"@id\":\"https:\\\/\\\/govacation-domrep.com\\\/es\\\/excursiones-y-actividades\\\/#breadcrumb\"},\"inLanguage\":\"es\",\"potentialAction\":[{\"@type\":\"ReadAction\",\"target\":[\"https:\\\/\\\/govacation-domrep.com\\\/es\\\/excursiones-y-actividades\\\/\"]}]},{\"@type\":\"BreadcrumbList\",\"@id\":\"https:\\\/\\\/govacation-domrep.com\\\/es\\\/excursiones-y-actividades\\\/#breadcrumb\",\"itemListElement\":[{\"@type\":\"ListItem\",\"position\":1,\"name\":\"Home\",\"item\":\"https:\\\/\\\/govacation-domrep.com\\\/es\\\/\"},{\"@type\":\"ListItem\",\"position\":2,\"name\":\"Excursiones y actividades\"}]},{\"@type\":\"WebSite\",\"@id\":\"https:\\\/\\\/govacation-domrep.com\\\/es\\\/#website\",\"url\":\"https:\\\/\\\/govacation-domrep.com\\\/es\\\/\",\"name\":\"GoVacation Rep\u00fablica Dominicana\",\"description\":\"Incoming Agentur\",\"potentialAction\":[{\"@type\":\"SearchAction\",\"target\":{\"@type\":\"EntryPoint\",\"urlTemplate\":\"https:\\\/\\\/govacation-domrep.com\\\/es\\\/?s={search_term_string}\"},\"query-input\":{\"@type\":\"PropertyValueSpecification\",\"valueRequired\":true,\"valueName\":\"search_term_string\"}}],\"inLanguage\":\"es\"}]}<\/script>\n<!-- \/ Yoast SEO plugin. -->","yoast_head_json":{"title":"Excursiones y actividades Rep\u00fablica Dominicana - GoVacation Rep\u00fablica Dominicana","description":"Reserva en l\u00ednea de excursiones y actividades seleccionadas de operadores tur\u00edsticos alemanes en la Rep\u00fablica Dominicana","robots":{"index":"index","follow":"follow","max-snippet":"max-snippet:-1","max-image-preview":"max-image-preview:large","max-video-preview":"max-video-preview:-1"},"canonical":"https:\/\/govacation-domrep.com\/es\/excursiones-y-actividades\/","og_locale":"es_ES","og_type":"article","og_title":"Excursiones y actividades Rep\u00fablica Dominicana - GoVacation Rep\u00fablica Dominicana","og_description":"Reserva en l\u00ednea de excursiones y actividades seleccionadas de operadores tur\u00edsticos alemanes en la Rep\u00fablica Dominicana","og_url":"https:\/\/govacation-domrep.com\/es\/excursiones-y-actividades\/","og_site_name":"GoVacation Rep\u00fablica Dominicana","article_modified_time":"2022-11-16T14:03:15+00:00","twitter_card":"summary_large_image","schema":{"@context":"https:\/\/schema.org","@graph":[{"@type":"WebPage","@id":"https:\/\/govacation-domrep.com\/es\/excursiones-y-actividades\/","url":"https:\/\/govacation-domrep.com\/es\/excursiones-y-actividades\/","name":"Excursiones y actividades Rep\u00fablica Dominicana - GoVacation Rep\u00fablica Dominicana","isPartOf":{"@id":"https:\/\/govacation-domrep.com\/es\/#website"},"datePublished":"2021-08-07T20:12:05+00:00","dateModified":"2022-11-16T14:03:15+00:00","description":"Reserva en l\u00ednea de excursiones y actividades seleccionadas de operadores tur\u00edsticos alemanes en la Rep\u00fablica Dominicana","breadcrumb":{"@id":"https:\/\/govacation-domrep.com\/es\/excursiones-y-actividades\/#breadcrumb"},"inLanguage":"es","potentialAction":[{"@type":"ReadAction","target":["https:\/\/govacation-domrep.com\/es\/excursiones-y-actividades\/"]}]},{"@type":"BreadcrumbList","@id":"https:\/\/govacation-domrep.com\/es\/excursiones-y-actividades\/#breadcrumb","itemListElement":[{"@type":"ListItem","position":1,"name":"Home","item":"https:\/\/govacation-domrep.com\/es\/"},{"@type":"ListItem","position":2,"name":"Excursiones y actividades"}]},{"@type":"WebSite","@id":"https:\/\/govacation-domrep.com\/es\/#website","url":"https:\/\/govacation-domrep.com\/es\/","name":"GoVacation Rep\u00fablica Dominicana","description":"Incoming Agentur","potentialAction":[{"@type":"SearchAction","target":{"@type":"EntryPoint","urlTemplate":"https:\/\/govacation-domrep.com\/es\/?s={search_term_string}"},"query-input":{"@type":"PropertyValueSpecification","valueRequired":true,"valueName":"search_term_string"}}],"inLanguage":"es"}]}},"_links":{"self":[{"href":"https:\/\/govacation-domrep.com\/es\/wp-json\/wp\/v2\/pages\/13227","targetHints":{"allow":["GET"]}}],"collection":[{"href":"https:\/\/govacation-domrep.com\/es\/wp-json\/wp\/v2\/pages"}],"about":[{"href":"https:\/\/govacation-domrep.com\/es\/wp-json\/wp\/v2\/types\/page"}],"author":[{"embeddable":true,"href":"https:\/\/govacation-domrep.com\/es\/wp-json\/wp\/v2\/users\/1"}],"replies":[{"embeddable":true,"href":"https:\/\/govacation-domrep.com\/es\/wp-json\/wp\/v2\/comments?post=13227"}],"version-history":[{"count":5,"href":"https:\/\/govacation-domrep.com\/es\/wp-json\/wp\/v2\/pages\/13227\/revisions"}],"predecessor-version":[{"id":26120,"href":"https:\/\/govacation-domrep.com\/es\/wp-json\/wp\/v2\/pages\/13227\/revisions\/26120"}],"wp:attachment":[{"href":"https:\/\/govacation-domrep.com\/es\/wp-json\/wp\/v2\/media?parent=13227"}],"curies":[{"name":"wp","href":"https:\/\/api.w.org\/{rel}","templated":true}]}}