{"id":13245,"date":"2020-09-11T15:36:14","date_gmt":"2020-09-11T15:36:14","guid":{"rendered":"https:\/\/gocaribic.com\/fluganfrage-dominikanische-republik\/"},"modified":"2026-02-26T11:29:24","modified_gmt":"2026-02-26T15:29:24","slug":"vuelos-republica-dominicana","status":"publish","type":"page","link":"https:\/\/govacation-domrep.com\/es\/vuelos-republica-dominicana\/","title":{"rendered":"Vuelos"},"content":{"rendered":"","protected":false},"excerpt":{"rendered":"","protected":false},"author":1,"featured_media":0,"parent":0,"menu_order":0,"comment_status":"closed","ping_status":"closed","template":"","meta":{"footnotes":""},"class_list":["post-13245","page","type-page","status-publish","hentry"],"yoast_head":"<!-- This site is optimized with the Yoast SEO plugin v27.4 - https:\/\/yoast.com\/product\/yoast-seo-wordpress\/ -->\n<title>Solicitud de vuelo Rep\u00fablica Dominicana - GoVacation Rep\u00fablica Dominicana<\/title>\n<meta name=\"description\" content=\"Vuelos baratos desde y hacia la Rep\u00fablica Dominicana. Reserva de \u00faltima hora y anticipada a Punta Cana, Puerto Plata y Santo Domingo.\" \/>\n<meta name=\"robots\" content=\"index, follow, max-snippet:-1, max-image-preview:large, max-video-preview:-1\" \/>\n<link rel=\"canonical\" href=\"https:\/\/govacation-domrep.com\/es\/vuelos-republica-dominicana\/\" \/>\n<meta property=\"og:locale\" content=\"es_ES\" \/>\n<meta property=\"og:type\" content=\"article\" \/>\n<meta property=\"og:title\" content=\"Solicitud de vuelo Rep\u00fablica Dominicana - GoVacation Rep\u00fablica Dominicana\" \/>\n<meta property=\"og:description\" content=\"Vuelos baratos desde y hacia la Rep\u00fablica Dominicana. Reserva de \u00faltima hora y anticipada a Punta Cana, Puerto Plata y Santo Domingo.\" \/>\n<meta property=\"og:url\" content=\"https:\/\/govacation-domrep.com\/es\/vuelos-republica-dominicana\/\" \/>\n<meta property=\"og:site_name\" content=\"GoVacation Rep\u00fablica Dominicana\" \/>\n<meta property=\"article:modified_time\" content=\"2026-02-26T15:29:24+00:00\" \/>\n<meta name=\"twitter:card\" content=\"summary_large_image\" \/>\n<meta name=\"twitter:label1\" content=\"Tiempo de lectura\" \/>\n\t<meta name=\"twitter:data1\" content=\"1 minuto\" \/>\n<script type=\"application\/ld+json\" class=\"yoast-schema-graph\">{\"@context\":\"https:\\\/\\\/schema.org\",\"@graph\":[{\"@type\":\"WebPage\",\"@id\":\"https:\\\/\\\/govacation-domrep.com\\\/es\\\/vuelos-republica-dominicana\\\/\",\"url\":\"https:\\\/\\\/govacation-domrep.com\\\/es\\\/vuelos-republica-dominicana\\\/\",\"name\":\"Solicitud de vuelo Rep\u00fablica Dominicana - GoVacation Rep\u00fablica Dominicana\",\"isPartOf\":{\"@id\":\"https:\\\/\\\/govacation-domrep.com\\\/es\\\/#website\"},\"datePublished\":\"2020-09-11T15:36:14+00:00\",\"dateModified\":\"2026-02-26T15:29:24+00:00\",\"description\":\"Vuelos baratos desde y hacia la Rep\u00fablica Dominicana. Reserva de \u00faltima hora y anticipada a Punta Cana, Puerto Plata y Santo Domingo.\",\"breadcrumb\":{\"@id\":\"https:\\\/\\\/govacation-domrep.com\\\/es\\\/vuelos-republica-dominicana\\\/#breadcrumb\"},\"inLanguage\":\"es\",\"potentialAction\":[{\"@type\":\"ReadAction\",\"target\":[\"https:\\\/\\\/govacation-domrep.com\\\/es\\\/vuelos-republica-dominicana\\\/\"]}]},{\"@type\":\"BreadcrumbList\",\"@id\":\"https:\\\/\\\/govacation-domrep.com\\\/es\\\/vuelos-republica-dominicana\\\/#breadcrumb\",\"itemListElement\":[{\"@type\":\"ListItem\",\"position\":1,\"name\":\"Home\",\"item\":\"https:\\\/\\\/govacation-domrep.com\\\/es\\\/\"},{\"@type\":\"ListItem\",\"position\":2,\"name\":\"Vuelos\"}]},{\"@type\":\"WebSite\",\"@id\":\"https:\\\/\\\/govacation-domrep.com\\\/es\\\/#website\",\"url\":\"https:\\\/\\\/govacation-domrep.com\\\/es\\\/\",\"name\":\"GoVacation Rep\u00fablica Dominicana\",\"description\":\"Incoming Agentur\",\"potentialAction\":[{\"@type\":\"SearchAction\",\"target\":{\"@type\":\"EntryPoint\",\"urlTemplate\":\"https:\\\/\\\/govacation-domrep.com\\\/es\\\/?s={search_term_string}\"},\"query-input\":{\"@type\":\"PropertyValueSpecification\",\"valueRequired\":true,\"valueName\":\"search_term_string\"}}],\"inLanguage\":\"es\"}]}<\/script>\n<!-- \/ Yoast SEO plugin. -->","yoast_head_json":{"title":"Solicitud de vuelo Rep\u00fablica Dominicana - GoVacation Rep\u00fablica Dominicana","description":"Vuelos baratos desde y hacia la Rep\u00fablica Dominicana. Reserva de \u00faltima hora y anticipada a Punta Cana, Puerto Plata y Santo Domingo.","robots":{"index":"index","follow":"follow","max-snippet":"max-snippet:-1","max-image-preview":"max-image-preview:large","max-video-preview":"max-video-preview:-1"},"canonical":"https:\/\/govacation-domrep.com\/es\/vuelos-republica-dominicana\/","og_locale":"es_ES","og_type":"article","og_title":"Solicitud de vuelo Rep\u00fablica Dominicana - GoVacation Rep\u00fablica Dominicana","og_description":"Vuelos baratos desde y hacia la Rep\u00fablica Dominicana. Reserva de \u00faltima hora y anticipada a Punta Cana, Puerto Plata y Santo Domingo.","og_url":"https:\/\/govacation-domrep.com\/es\/vuelos-republica-dominicana\/","og_site_name":"GoVacation Rep\u00fablica Dominicana","article_modified_time":"2026-02-26T15:29:24+00:00","twitter_card":"summary_large_image","twitter_misc":{"Tiempo de lectura":"1 minuto"},"schema":{"@context":"https:\/\/schema.org","@graph":[{"@type":"WebPage","@id":"https:\/\/govacation-domrep.com\/es\/vuelos-republica-dominicana\/","url":"https:\/\/govacation-domrep.com\/es\/vuelos-republica-dominicana\/","name":"Solicitud de vuelo Rep\u00fablica Dominicana - GoVacation Rep\u00fablica Dominicana","isPartOf":{"@id":"https:\/\/govacation-domrep.com\/es\/#website"},"datePublished":"2020-09-11T15:36:14+00:00","dateModified":"2026-02-26T15:29:24+00:00","description":"Vuelos baratos desde y hacia la Rep\u00fablica Dominicana. Reserva de \u00faltima hora y anticipada a Punta Cana, Puerto Plata y Santo Domingo.","breadcrumb":{"@id":"https:\/\/govacation-domrep.com\/es\/vuelos-republica-dominicana\/#breadcrumb"},"inLanguage":"es","potentialAction":[{"@type":"ReadAction","target":["https:\/\/govacation-domrep.com\/es\/vuelos-republica-dominicana\/"]}]},{"@type":"BreadcrumbList","@id":"https:\/\/govacation-domrep.com\/es\/vuelos-republica-dominicana\/#breadcrumb","itemListElement":[{"@type":"ListItem","position":1,"name":"Home","item":"https:\/\/govacation-domrep.com\/es\/"},{"@type":"ListItem","position":2,"name":"Vuelos"}]},{"@type":"WebSite","@id":"https:\/\/govacation-domrep.com\/es\/#website","url":"https:\/\/govacation-domrep.com\/es\/","name":"GoVacation Rep\u00fablica Dominicana","description":"Incoming Agentur","potentialAction":[{"@type":"SearchAction","target":{"@type":"EntryPoint","urlTemplate":"https:\/\/govacation-domrep.com\/es\/?s={search_term_string}"},"query-input":{"@type":"PropertyValueSpecification","valueRequired":true,"valueName":"search_term_string"}}],"inLanguage":"es"}]}},"_links":{"self":[{"href":"https:\/\/govacation-domrep.com\/es\/wp-json\/wp\/v2\/pages\/13245","targetHints":{"allow":["GET"]}}],"collection":[{"href":"https:\/\/govacation-domrep.com\/es\/wp-json\/wp\/v2\/pages"}],"about":[{"href":"https:\/\/govacation-domrep.com\/es\/wp-json\/wp\/v2\/types\/page"}],"author":[{"embeddable":true,"href":"https:\/\/govacation-domrep.com\/es\/wp-json\/wp\/v2\/users\/1"}],"replies":[{"embeddable":true,"href":"https:\/\/govacation-domrep.com\/es\/wp-json\/wp\/v2\/comments?post=13245"}],"version-history":[{"count":6,"href":"https:\/\/govacation-domrep.com\/es\/wp-json\/wp\/v2\/pages\/13245\/revisions"}],"predecessor-version":[{"id":33270,"href":"https:\/\/govacation-domrep.com\/es\/wp-json\/wp\/v2\/pages\/13245\/revisions\/33270"}],"wp:attachment":[{"href":"https:\/\/govacation-domrep.com\/es\/wp-json\/wp\/v2\/media?parent=13245"}],"curies":[{"name":"wp","href":"https:\/\/api.w.org\/{rel}","templated":true}]}}