{"id":13265,"date":"2020-09-11T14:25:10","date_gmt":"2020-09-11T14:25:10","guid":{"rendered":"https:\/\/gocaribic.com\/hotels-dominikanische-republik\/"},"modified":"2026-03-05T20:05:42","modified_gmt":"2026-03-06T00:05:42","slug":"hoteles-republica-dominicana","status":"publish","type":"page","link":"https:\/\/govacation-domrep.com\/es\/hoteles-republica-dominicana\/","title":{"rendered":"Hoteles"},"content":{"rendered":"","protected":false},"excerpt":{"rendered":"","protected":false},"author":1,"featured_media":0,"parent":0,"menu_order":0,"comment_status":"closed","ping_status":"closed","template":"","meta":{"footnotes":""},"class_list":["post-13265","page","type-page","status-publish","hentry"],"yoast_head":"<!-- This site is optimized with the Yoast SEO plugin v27.4 - https:\/\/yoast.com\/product\/yoast-seo-wordpress\/ -->\n<title>Su representante en los hoteles de la Rep\u00fablica Dominicana - GoVacation Rep\u00fablica Dominicana<\/title>\n<meta name=\"description\" content=\"Informaci\u00f3n sobre su representante alem\u00e1n y excursiones en m\u00e1s de 100 hoteles seleccionados en la Rep\u00fablica Dominicana.\" \/>\n<meta name=\"robots\" content=\"index, follow, max-snippet:-1, max-image-preview:large, max-video-preview:-1\" \/>\n<link rel=\"canonical\" href=\"https:\/\/govacation-domrep.com\/es\/hoteles-republica-dominicana\/\" \/>\n<meta property=\"og:locale\" content=\"es_ES\" \/>\n<meta property=\"og:type\" content=\"article\" \/>\n<meta property=\"og:title\" content=\"Su representante en los hoteles de la Rep\u00fablica Dominicana - GoVacation Rep\u00fablica Dominicana\" \/>\n<meta property=\"og:description\" content=\"Informaci\u00f3n sobre su representante alem\u00e1n y excursiones en m\u00e1s de 100 hoteles seleccionados en la Rep\u00fablica Dominicana.\" \/>\n<meta property=\"og:url\" content=\"https:\/\/govacation-domrep.com\/es\/hoteles-republica-dominicana\/\" \/>\n<meta property=\"og:site_name\" content=\"GoVacation Rep\u00fablica Dominicana\" \/>\n<meta property=\"article:modified_time\" content=\"2026-03-06T00:05:42+00:00\" \/>\n<meta name=\"twitter:card\" content=\"summary_large_image\" \/>\n<meta name=\"twitter:label1\" content=\"Tiempo de lectura\" \/>\n\t<meta name=\"twitter:data1\" content=\"4 minutos\" \/>\n<script type=\"application\/ld+json\" class=\"yoast-schema-graph\">{\"@context\":\"https:\\\/\\\/schema.org\",\"@graph\":[{\"@type\":\"WebPage\",\"@id\":\"https:\\\/\\\/govacation-domrep.com\\\/es\\\/hoteles-republica-dominicana\\\/\",\"url\":\"https:\\\/\\\/govacation-domrep.com\\\/es\\\/hoteles-republica-dominicana\\\/\",\"name\":\"Su representante en los hoteles de la Rep\u00fablica Dominicana - GoVacation Rep\u00fablica Dominicana\",\"isPartOf\":{\"@id\":\"https:\\\/\\\/govacation-domrep.com\\\/es\\\/#website\"},\"datePublished\":\"2020-09-11T14:25:10+00:00\",\"dateModified\":\"2026-03-06T00:05:42+00:00\",\"description\":\"Informaci\u00f3n sobre su representante alem\u00e1n y excursiones en m\u00e1s de 100 hoteles seleccionados en la Rep\u00fablica Dominicana.\",\"breadcrumb\":{\"@id\":\"https:\\\/\\\/govacation-domrep.com\\\/es\\\/hoteles-republica-dominicana\\\/#breadcrumb\"},\"inLanguage\":\"es\",\"potentialAction\":[{\"@type\":\"ReadAction\",\"target\":[\"https:\\\/\\\/govacation-domrep.com\\\/es\\\/hoteles-republica-dominicana\\\/\"]}]},{\"@type\":\"BreadcrumbList\",\"@id\":\"https:\\\/\\\/govacation-domrep.com\\\/es\\\/hoteles-republica-dominicana\\\/#breadcrumb\",\"itemListElement\":[{\"@type\":\"ListItem\",\"position\":1,\"name\":\"Home\",\"item\":\"https:\\\/\\\/govacation-domrep.com\\\/es\\\/\"},{\"@type\":\"ListItem\",\"position\":2,\"name\":\"Hoteles\"}]},{\"@type\":\"WebSite\",\"@id\":\"https:\\\/\\\/govacation-domrep.com\\\/es\\\/#website\",\"url\":\"https:\\\/\\\/govacation-domrep.com\\\/es\\\/\",\"name\":\"GoVacation Rep\u00fablica Dominicana\",\"description\":\"Incoming Agentur\",\"potentialAction\":[{\"@type\":\"SearchAction\",\"target\":{\"@type\":\"EntryPoint\",\"urlTemplate\":\"https:\\\/\\\/govacation-domrep.com\\\/es\\\/?s={search_term_string}\"},\"query-input\":{\"@type\":\"PropertyValueSpecification\",\"valueRequired\":true,\"valueName\":\"search_term_string\"}}],\"inLanguage\":\"es\"}]}<\/script>\n<!-- \/ Yoast SEO plugin. -->","yoast_head_json":{"title":"Su representante en los hoteles de la Rep\u00fablica Dominicana - GoVacation Rep\u00fablica Dominicana","description":"Informaci\u00f3n sobre su representante alem\u00e1n y excursiones en m\u00e1s de 100 hoteles seleccionados en la Rep\u00fablica Dominicana.","robots":{"index":"index","follow":"follow","max-snippet":"max-snippet:-1","max-image-preview":"max-image-preview:large","max-video-preview":"max-video-preview:-1"},"canonical":"https:\/\/govacation-domrep.com\/es\/hoteles-republica-dominicana\/","og_locale":"es_ES","og_type":"article","og_title":"Su representante en los hoteles de la Rep\u00fablica Dominicana - GoVacation Rep\u00fablica Dominicana","og_description":"Informaci\u00f3n sobre su representante alem\u00e1n y excursiones en m\u00e1s de 100 hoteles seleccionados en la Rep\u00fablica Dominicana.","og_url":"https:\/\/govacation-domrep.com\/es\/hoteles-republica-dominicana\/","og_site_name":"GoVacation Rep\u00fablica Dominicana","article_modified_time":"2026-03-06T00:05:42+00:00","twitter_card":"summary_large_image","twitter_misc":{"Tiempo de lectura":"4 minutos"},"schema":{"@context":"https:\/\/schema.org","@graph":[{"@type":"WebPage","@id":"https:\/\/govacation-domrep.com\/es\/hoteles-republica-dominicana\/","url":"https:\/\/govacation-domrep.com\/es\/hoteles-republica-dominicana\/","name":"Su representante en los hoteles de la Rep\u00fablica Dominicana - GoVacation Rep\u00fablica Dominicana","isPartOf":{"@id":"https:\/\/govacation-domrep.com\/es\/#website"},"datePublished":"2020-09-11T14:25:10+00:00","dateModified":"2026-03-06T00:05:42+00:00","description":"Informaci\u00f3n sobre su representante alem\u00e1n y excursiones en m\u00e1s de 100 hoteles seleccionados en la Rep\u00fablica Dominicana.","breadcrumb":{"@id":"https:\/\/govacation-domrep.com\/es\/hoteles-republica-dominicana\/#breadcrumb"},"inLanguage":"es","potentialAction":[{"@type":"ReadAction","target":["https:\/\/govacation-domrep.com\/es\/hoteles-republica-dominicana\/"]}]},{"@type":"BreadcrumbList","@id":"https:\/\/govacation-domrep.com\/es\/hoteles-republica-dominicana\/#breadcrumb","itemListElement":[{"@type":"ListItem","position":1,"name":"Home","item":"https:\/\/govacation-domrep.com\/es\/"},{"@type":"ListItem","position":2,"name":"Hoteles"}]},{"@type":"WebSite","@id":"https:\/\/govacation-domrep.com\/es\/#website","url":"https:\/\/govacation-domrep.com\/es\/","name":"GoVacation Rep\u00fablica Dominicana","description":"Incoming Agentur","potentialAction":[{"@type":"SearchAction","target":{"@type":"EntryPoint","urlTemplate":"https:\/\/govacation-domrep.com\/es\/?s={search_term_string}"},"query-input":{"@type":"PropertyValueSpecification","valueRequired":true,"valueName":"search_term_string"}}],"inLanguage":"es"}]}},"_links":{"self":[{"href":"https:\/\/govacation-domrep.com\/es\/wp-json\/wp\/v2\/pages\/13265","targetHints":{"allow":["GET"]}}],"collection":[{"href":"https:\/\/govacation-domrep.com\/es\/wp-json\/wp\/v2\/pages"}],"about":[{"href":"https:\/\/govacation-domrep.com\/es\/wp-json\/wp\/v2\/types\/page"}],"author":[{"embeddable":true,"href":"https:\/\/govacation-domrep.com\/es\/wp-json\/wp\/v2\/users\/1"}],"replies":[{"embeddable":true,"href":"https:\/\/govacation-domrep.com\/es\/wp-json\/wp\/v2\/comments?post=13265"}],"version-history":[{"count":5,"href":"https:\/\/govacation-domrep.com\/es\/wp-json\/wp\/v2\/pages\/13265\/revisions"}],"predecessor-version":[{"id":33571,"href":"https:\/\/govacation-domrep.com\/es\/wp-json\/wp\/v2\/pages\/13265\/revisions\/33571"}],"wp:attachment":[{"href":"https:\/\/govacation-domrep.com\/es\/wp-json\/wp\/v2\/media?parent=13265"}],"curies":[{"name":"wp","href":"https:\/\/api.w.org\/{rel}","templated":true}]}}