{"id":13279,"date":"2021-06-17T14:22:21","date_gmt":"2021-06-17T14:22:21","guid":{"rendered":"https:\/\/gocaribic.com\/impressum\/"},"modified":"2025-09-05T09:25:55","modified_gmt":"2025-09-05T13:25:55","slug":"aviso-legal","status":"publish","type":"page","link":"https:\/\/govacation-domrep.com\/es\/aviso-legal\/","title":{"rendered":"Aviso legal"},"content":{"rendered":"<p><strong>Direcci\u00f3n de contacto<\/strong><\/p>\n<p>Vamos Caribic S.R.L.<br \/>\nAvenida Manolo Tavarez Justo<br \/>\nPlaza Turisol n\u00ba 55<br \/>\nPuerto Plata 57000<br \/>\nRep\u00fablica Dominicana<\/p>\n<p>Correo electr\u00f3nico: service@gocaribic.com<\/p>\n<p><strong>Persona(s)<\/strong><\/p>\n<p>autorizada(s) a representar.<\/p>\n<p>Sebastien Garcia<\/p>\n<p><strong>Ingreso en el registro de comerciantes<\/strong><\/p>\n<p>Nombre de la empresa registrada: Go Caribic S.R.L.<br \/>\n1006-PP<\/p>\n<p><strong>N\u00famero de IVA<\/strong><\/p>\n<p>N\u00famero de RNC (IVA): 1-01-53871-6<\/p>\n<p><strong>Aviso legal<\/strong><\/p>\n<p>El autor no asume ninguna responsabilidad en cuanto a la correcci\u00f3n, exactitud, actualidad, fiabilidad e integridad del contenido de la informaci\u00f3n.<\/p>\n<p>Se excluyen las reclamaciones de responsabilidad contra el autor por da\u00f1os y perjuicios de car\u00e1cter material o inmaterial derivados del acceso, uso o no uso de la informaci\u00f3n publicada, del mal uso de la conexi\u00f3n o de los fallos t\u00e9cnicos.<\/p>\n<p>Todas las ofertas son sin compromiso. El autor se reserva expresamente el derecho a modificar, complementar o eliminar partes de las p\u00e1ginas o toda la oferta sin previo aviso especial, o a dejar de publicarla temporal o definitivamente.<\/p>\n<p><strong>Descargo de responsabilidad de los enlaces<\/strong><\/p>\n<p>Las referencias y enlaces a sitios web de terceros est\u00e1n fuera de nuestro \u00e1mbito de responsabilidad. Se rechaza cualquier responsabilidad sobre dichos sitios web. El acceso y la utilizaci\u00f3n de dichos sitios web se realiza por cuenta y riesgo del usuario respectivo.<\/p>\n<p><strong>Derechos de autor<\/strong><\/p>\n<p>Los derechos de autor y todos los dem\u00e1s derechos sobre el contenido, las im\u00e1genes, las fotos u otros archivos de este sitio web, pertenecen exclusivamente a <strong>Go Caribic S.R.L.<\/strong> o a los titulares de los derechos espec\u00edficamente nombrados, como hoteles, organizadores de eventos. Para la reproducci\u00f3n de cualquier elemento, debe obtenerse previamente el consentimiento por escrito del titular de los derechos de autor.<\/p>\n","protected":false},"excerpt":{"rendered":"<p>Direcci\u00f3n de contacto Vamos Caribic S.R.L. Avenida Manolo Tavarez Justo Plaza Turisol n\u00ba 55 Puerto Plata 57000 Rep\u00fablica Dominicana Correo electr\u00f3nico: service@gocaribic.com Persona(s) autorizada(s) a representar. Sebastien Garcia Ingreso en el registro de comerciantes Nombre de la empresa registrada: Go Caribic S.R.L. 1006-PP N\u00famero de IVA N\u00famero de RNC (IVA): 1-01-53871-6 Aviso legal El autor [&hellip;]<\/p>\n","protected":false},"author":1,"featured_media":0,"parent":0,"menu_order":0,"comment_status":"closed","ping_status":"closed","template":"","meta":{"footnotes":""},"class_list":["post-13279","page","type-page","status-publish","hentry"],"yoast_head":"<!-- This site is optimized with the Yoast SEO plugin v27.4 - https:\/\/yoast.com\/product\/yoast-seo-wordpress\/ -->\n<title>Aviso legal - GoVacation Rep\u00fablica Dominicana<\/title>\n<meta name=\"robots\" content=\"index, follow, max-snippet:-1, max-image-preview:large, max-video-preview:-1\" \/>\n<link rel=\"canonical\" href=\"https:\/\/govacation-domrep.com\/es\/aviso-legal\/\" \/>\n<meta property=\"og:locale\" content=\"es_ES\" \/>\n<meta property=\"og:type\" content=\"article\" \/>\n<meta property=\"og:title\" content=\"Aviso legal - GoVacation Rep\u00fablica Dominicana\" \/>\n<meta property=\"og:description\" content=\"Direcci\u00f3n de contacto Vamos Caribic S.R.L. Avenida Manolo Tavarez Justo Plaza Turisol n\u00ba 55 Puerto Plata 57000 Rep\u00fablica Dominicana Correo electr\u00f3nico: service@gocaribic.com Persona(s) autorizada(s) a representar. Sebastien Garcia Ingreso en el registro de comerciantes Nombre de la empresa registrada: Go Caribic S.R.L. 1006-PP N\u00famero de IVA N\u00famero de RNC (IVA): 1-01-53871-6 Aviso legal El autor [&hellip;]\" \/>\n<meta property=\"og:url\" content=\"https:\/\/govacation-domrep.com\/es\/aviso-legal\/\" \/>\n<meta property=\"og:site_name\" content=\"GoVacation Rep\u00fablica Dominicana\" \/>\n<meta property=\"article:modified_time\" content=\"2025-09-05T13:25:55+00:00\" \/>\n<meta name=\"twitter:card\" content=\"summary_large_image\" \/>\n<meta name=\"twitter:label1\" content=\"Tiempo de lectura\" \/>\n\t<meta name=\"twitter:data1\" content=\"2 minutos\" \/>\n<script type=\"application\/ld+json\" class=\"yoast-schema-graph\">{\"@context\":\"https:\\\/\\\/schema.org\",\"@graph\":[{\"@type\":\"WebPage\",\"@id\":\"https:\\\/\\\/govacation-domrep.com\\\/es\\\/aviso-legal\\\/\",\"url\":\"https:\\\/\\\/govacation-domrep.com\\\/es\\\/aviso-legal\\\/\",\"name\":\"Aviso legal - GoVacation Rep\u00fablica Dominicana\",\"isPartOf\":{\"@id\":\"https:\\\/\\\/govacation-domrep.com\\\/es\\\/#website\"},\"datePublished\":\"2021-06-17T14:22:21+00:00\",\"dateModified\":\"2025-09-05T13:25:55+00:00\",\"breadcrumb\":{\"@id\":\"https:\\\/\\\/govacation-domrep.com\\\/es\\\/aviso-legal\\\/#breadcrumb\"},\"inLanguage\":\"es\",\"potentialAction\":[{\"@type\":\"ReadAction\",\"target\":[\"https:\\\/\\\/govacation-domrep.com\\\/es\\\/aviso-legal\\\/\"]}]},{\"@type\":\"BreadcrumbList\",\"@id\":\"https:\\\/\\\/govacation-domrep.com\\\/es\\\/aviso-legal\\\/#breadcrumb\",\"itemListElement\":[{\"@type\":\"ListItem\",\"position\":1,\"name\":\"Home\",\"item\":\"https:\\\/\\\/govacation-domrep.com\\\/es\\\/\"},{\"@type\":\"ListItem\",\"position\":2,\"name\":\"Aviso legal\"}]},{\"@type\":\"WebSite\",\"@id\":\"https:\\\/\\\/govacation-domrep.com\\\/es\\\/#website\",\"url\":\"https:\\\/\\\/govacation-domrep.com\\\/es\\\/\",\"name\":\"GoVacation Rep\u00fablica Dominicana\",\"description\":\"Incoming Agentur\",\"potentialAction\":[{\"@type\":\"SearchAction\",\"target\":{\"@type\":\"EntryPoint\",\"urlTemplate\":\"https:\\\/\\\/govacation-domrep.com\\\/es\\\/?s={search_term_string}\"},\"query-input\":{\"@type\":\"PropertyValueSpecification\",\"valueRequired\":true,\"valueName\":\"search_term_string\"}}],\"inLanguage\":\"es\"}]}<\/script>\n<!-- \/ Yoast SEO plugin. -->","yoast_head_json":{"title":"Aviso legal - GoVacation Rep\u00fablica Dominicana","robots":{"index":"index","follow":"follow","max-snippet":"max-snippet:-1","max-image-preview":"max-image-preview:large","max-video-preview":"max-video-preview:-1"},"canonical":"https:\/\/govacation-domrep.com\/es\/aviso-legal\/","og_locale":"es_ES","og_type":"article","og_title":"Aviso legal - GoVacation Rep\u00fablica Dominicana","og_description":"Direcci\u00f3n de contacto Vamos Caribic S.R.L. Avenida Manolo Tavarez Justo Plaza Turisol n\u00ba 55 Puerto Plata 57000 Rep\u00fablica Dominicana Correo electr\u00f3nico: service@gocaribic.com Persona(s) autorizada(s) a representar. Sebastien Garcia Ingreso en el registro de comerciantes Nombre de la empresa registrada: Go Caribic S.R.L. 1006-PP N\u00famero de IVA N\u00famero de RNC (IVA): 1-01-53871-6 Aviso legal El autor [&hellip;]","og_url":"https:\/\/govacation-domrep.com\/es\/aviso-legal\/","og_site_name":"GoVacation Rep\u00fablica Dominicana","article_modified_time":"2025-09-05T13:25:55+00:00","twitter_card":"summary_large_image","twitter_misc":{"Tiempo de lectura":"2 minutos"},"schema":{"@context":"https:\/\/schema.org","@graph":[{"@type":"WebPage","@id":"https:\/\/govacation-domrep.com\/es\/aviso-legal\/","url":"https:\/\/govacation-domrep.com\/es\/aviso-legal\/","name":"Aviso legal - GoVacation Rep\u00fablica Dominicana","isPartOf":{"@id":"https:\/\/govacation-domrep.com\/es\/#website"},"datePublished":"2021-06-17T14:22:21+00:00","dateModified":"2025-09-05T13:25:55+00:00","breadcrumb":{"@id":"https:\/\/govacation-domrep.com\/es\/aviso-legal\/#breadcrumb"},"inLanguage":"es","potentialAction":[{"@type":"ReadAction","target":["https:\/\/govacation-domrep.com\/es\/aviso-legal\/"]}]},{"@type":"BreadcrumbList","@id":"https:\/\/govacation-domrep.com\/es\/aviso-legal\/#breadcrumb","itemListElement":[{"@type":"ListItem","position":1,"name":"Home","item":"https:\/\/govacation-domrep.com\/es\/"},{"@type":"ListItem","position":2,"name":"Aviso legal"}]},{"@type":"WebSite","@id":"https:\/\/govacation-domrep.com\/es\/#website","url":"https:\/\/govacation-domrep.com\/es\/","name":"GoVacation Rep\u00fablica Dominicana","description":"Incoming Agentur","potentialAction":[{"@type":"SearchAction","target":{"@type":"EntryPoint","urlTemplate":"https:\/\/govacation-domrep.com\/es\/?s={search_term_string}"},"query-input":{"@type":"PropertyValueSpecification","valueRequired":true,"valueName":"search_term_string"}}],"inLanguage":"es"}]}},"_links":{"self":[{"href":"https:\/\/govacation-domrep.com\/es\/wp-json\/wp\/v2\/pages\/13279","targetHints":{"allow":["GET"]}}],"collection":[{"href":"https:\/\/govacation-domrep.com\/es\/wp-json\/wp\/v2\/pages"}],"about":[{"href":"https:\/\/govacation-domrep.com\/es\/wp-json\/wp\/v2\/types\/page"}],"author":[{"embeddable":true,"href":"https:\/\/govacation-domrep.com\/es\/wp-json\/wp\/v2\/users\/1"}],"replies":[{"embeddable":true,"href":"https:\/\/govacation-domrep.com\/es\/wp-json\/wp\/v2\/comments?post=13279"}],"version-history":[{"count":5,"href":"https:\/\/govacation-domrep.com\/es\/wp-json\/wp\/v2\/pages\/13279\/revisions"}],"predecessor-version":[{"id":31457,"href":"https:\/\/govacation-domrep.com\/es\/wp-json\/wp\/v2\/pages\/13279\/revisions\/31457"}],"wp:attachment":[{"href":"https:\/\/govacation-domrep.com\/es\/wp-json\/wp\/v2\/media?parent=13279"}],"curies":[{"name":"wp","href":"https:\/\/api.w.org\/{rel}","templated":true}]}}