{"id":31814,"date":"2025-09-23T09:35:26","date_gmt":"2025-09-23T13:35:26","guid":{"rendered":"https:\/\/govacation-domrep.com\/?page_id=31814"},"modified":"2025-10-12T20:18:04","modified_gmt":"2025-10-13T00:18:04","slug":"excursiones-y-actividades-santa-barbara-de-samana","status":"publish","type":"page","link":"https:\/\/govacation-domrep.com\/es\/excursiones-y-actividades\/excursiones-y-actividades-santa-barbara-de-samana\/","title":{"rendered":"Excursiones y Actividades Santa B\u00e1rbara de Samana"},"content":{"rendered":"","protected":false},"excerpt":{"rendered":"","protected":false},"author":1,"featured_media":0,"parent":13227,"menu_order":0,"comment_status":"closed","ping_status":"closed","template":"","meta":{"footnotes":""},"class_list":["post-31814","page","type-page","status-publish","hentry"],"yoast_head":"<!-- This site is optimized with the Yoast SEO plugin v27.4 - https:\/\/yoast.com\/product\/yoast-seo-wordpress\/ -->\n<title>Excursiones y Actividades Santa B\u00e1rbara de Samana - GoVacation Rep\u00fablica Dominicana<\/title>\n<meta name=\"description\" content=\"Excursiones y actividades en Santa B\u00e1rbara de Samana, Rep\u00fablica Dominicana. Reserve sus excursiones directamente en l\u00ednea a trav\u00e9s de su gu\u00eda tur\u00edstico.\" \/>\n<meta name=\"robots\" content=\"index, follow, max-snippet:-1, max-image-preview:large, max-video-preview:-1\" \/>\n<link rel=\"canonical\" href=\"https:\/\/govacation-domrep.com\/es\/excursiones-y-actividades\/excursiones-y-actividades-santa-barbara-de-samana\/\" \/>\n<meta property=\"og:locale\" content=\"es_ES\" \/>\n<meta property=\"og:type\" content=\"article\" \/>\n<meta property=\"og:title\" content=\"Excursiones y Actividades Santa B\u00e1rbara de Samana - GoVacation Rep\u00fablica Dominicana\" \/>\n<meta property=\"og:description\" content=\"Excursiones y actividades en Santa B\u00e1rbara de Samana, Rep\u00fablica Dominicana. Reserve sus excursiones directamente en l\u00ednea a trav\u00e9s de su gu\u00eda tur\u00edstico.\" \/>\n<meta property=\"og:url\" content=\"https:\/\/govacation-domrep.com\/es\/excursiones-y-actividades\/excursiones-y-actividades-santa-barbara-de-samana\/\" \/>\n<meta property=\"og:site_name\" content=\"GoVacation Rep\u00fablica Dominicana\" \/>\n<meta property=\"article:modified_time\" content=\"2025-10-13T00:18:04+00:00\" \/>\n<meta name=\"twitter:card\" content=\"summary_large_image\" \/>\n<meta name=\"twitter:label1\" content=\"Tiempo de lectura\" \/>\n\t<meta name=\"twitter:data1\" content=\"4 minutos\" \/>\n<script type=\"application\/ld+json\" class=\"yoast-schema-graph\">{\"@context\":\"https:\\\/\\\/schema.org\",\"@graph\":[{\"@type\":\"WebPage\",\"@id\":\"https:\\\/\\\/govacation-domrep.com\\\/es\\\/excursiones-y-actividades\\\/excursiones-y-actividades-santa-barbara-de-samana\\\/\",\"url\":\"https:\\\/\\\/govacation-domrep.com\\\/es\\\/excursiones-y-actividades\\\/excursiones-y-actividades-santa-barbara-de-samana\\\/\",\"name\":\"Excursiones y Actividades Santa B\u00e1rbara de Samana - GoVacation Rep\u00fablica Dominicana\",\"isPartOf\":{\"@id\":\"https:\\\/\\\/govacation-domrep.com\\\/es\\\/#website\"},\"datePublished\":\"2025-09-23T13:35:26+00:00\",\"dateModified\":\"2025-10-13T00:18:04+00:00\",\"description\":\"Excursiones y actividades en Santa B\u00e1rbara de Samana, Rep\u00fablica Dominicana. Reserve sus excursiones directamente en l\u00ednea a trav\u00e9s de su gu\u00eda tur\u00edstico.\",\"breadcrumb\":{\"@id\":\"https:\\\/\\\/govacation-domrep.com\\\/es\\\/excursiones-y-actividades\\\/excursiones-y-actividades-santa-barbara-de-samana\\\/#breadcrumb\"},\"inLanguage\":\"es\",\"potentialAction\":[{\"@type\":\"ReadAction\",\"target\":[\"https:\\\/\\\/govacation-domrep.com\\\/es\\\/excursiones-y-actividades\\\/excursiones-y-actividades-santa-barbara-de-samana\\\/\"]}]},{\"@type\":\"BreadcrumbList\",\"@id\":\"https:\\\/\\\/govacation-domrep.com\\\/es\\\/excursiones-y-actividades\\\/excursiones-y-actividades-santa-barbara-de-samana\\\/#breadcrumb\",\"itemListElement\":[{\"@type\":\"ListItem\",\"position\":1,\"name\":\"Home\",\"item\":\"https:\\\/\\\/govacation-domrep.com\\\/es\\\/\"},{\"@type\":\"ListItem\",\"position\":2,\"name\":\"Excursiones y actividades\",\"item\":\"https:\\\/\\\/govacation-domrep.com\\\/es\\\/excursiones-y-actividades\\\/\"},{\"@type\":\"ListItem\",\"position\":3,\"name\":\"Excursiones y Actividades Santa B\u00e1rbara de Samana\"}]},{\"@type\":\"WebSite\",\"@id\":\"https:\\\/\\\/govacation-domrep.com\\\/es\\\/#website\",\"url\":\"https:\\\/\\\/govacation-domrep.com\\\/es\\\/\",\"name\":\"GoVacation Rep\u00fablica Dominicana\",\"description\":\"Incoming Agentur\",\"potentialAction\":[{\"@type\":\"SearchAction\",\"target\":{\"@type\":\"EntryPoint\",\"urlTemplate\":\"https:\\\/\\\/govacation-domrep.com\\\/es\\\/?s={search_term_string}\"},\"query-input\":{\"@type\":\"PropertyValueSpecification\",\"valueRequired\":true,\"valueName\":\"search_term_string\"}}],\"inLanguage\":\"es\"}]}<\/script>\n<!-- \/ Yoast SEO plugin. -->","yoast_head_json":{"title":"Excursiones y Actividades Santa B\u00e1rbara de Samana - GoVacation Rep\u00fablica Dominicana","description":"Excursiones y actividades en Santa B\u00e1rbara de Samana, Rep\u00fablica Dominicana. Reserve sus excursiones directamente en l\u00ednea a trav\u00e9s de su gu\u00eda tur\u00edstico.","robots":{"index":"index","follow":"follow","max-snippet":"max-snippet:-1","max-image-preview":"max-image-preview:large","max-video-preview":"max-video-preview:-1"},"canonical":"https:\/\/govacation-domrep.com\/es\/excursiones-y-actividades\/excursiones-y-actividades-santa-barbara-de-samana\/","og_locale":"es_ES","og_type":"article","og_title":"Excursiones y Actividades Santa B\u00e1rbara de Samana - GoVacation Rep\u00fablica Dominicana","og_description":"Excursiones y actividades en Santa B\u00e1rbara de Samana, Rep\u00fablica Dominicana. Reserve sus excursiones directamente en l\u00ednea a trav\u00e9s de su gu\u00eda tur\u00edstico.","og_url":"https:\/\/govacation-domrep.com\/es\/excursiones-y-actividades\/excursiones-y-actividades-santa-barbara-de-samana\/","og_site_name":"GoVacation Rep\u00fablica Dominicana","article_modified_time":"2025-10-13T00:18:04+00:00","twitter_card":"summary_large_image","twitter_misc":{"Tiempo de lectura":"4 minutos"},"schema":{"@context":"https:\/\/schema.org","@graph":[{"@type":"WebPage","@id":"https:\/\/govacation-domrep.com\/es\/excursiones-y-actividades\/excursiones-y-actividades-santa-barbara-de-samana\/","url":"https:\/\/govacation-domrep.com\/es\/excursiones-y-actividades\/excursiones-y-actividades-santa-barbara-de-samana\/","name":"Excursiones y Actividades Santa B\u00e1rbara de Samana - GoVacation Rep\u00fablica Dominicana","isPartOf":{"@id":"https:\/\/govacation-domrep.com\/es\/#website"},"datePublished":"2025-09-23T13:35:26+00:00","dateModified":"2025-10-13T00:18:04+00:00","description":"Excursiones y actividades en Santa B\u00e1rbara de Samana, Rep\u00fablica Dominicana. Reserve sus excursiones directamente en l\u00ednea a trav\u00e9s de su gu\u00eda tur\u00edstico.","breadcrumb":{"@id":"https:\/\/govacation-domrep.com\/es\/excursiones-y-actividades\/excursiones-y-actividades-santa-barbara-de-samana\/#breadcrumb"},"inLanguage":"es","potentialAction":[{"@type":"ReadAction","target":["https:\/\/govacation-domrep.com\/es\/excursiones-y-actividades\/excursiones-y-actividades-santa-barbara-de-samana\/"]}]},{"@type":"BreadcrumbList","@id":"https:\/\/govacation-domrep.com\/es\/excursiones-y-actividades\/excursiones-y-actividades-santa-barbara-de-samana\/#breadcrumb","itemListElement":[{"@type":"ListItem","position":1,"name":"Home","item":"https:\/\/govacation-domrep.com\/es\/"},{"@type":"ListItem","position":2,"name":"Excursiones y actividades","item":"https:\/\/govacation-domrep.com\/es\/excursiones-y-actividades\/"},{"@type":"ListItem","position":3,"name":"Excursiones y Actividades Santa B\u00e1rbara de Samana"}]},{"@type":"WebSite","@id":"https:\/\/govacation-domrep.com\/es\/#website","url":"https:\/\/govacation-domrep.com\/es\/","name":"GoVacation Rep\u00fablica Dominicana","description":"Incoming Agentur","potentialAction":[{"@type":"SearchAction","target":{"@type":"EntryPoint","urlTemplate":"https:\/\/govacation-domrep.com\/es\/?s={search_term_string}"},"query-input":{"@type":"PropertyValueSpecification","valueRequired":true,"valueName":"search_term_string"}}],"inLanguage":"es"}]}},"_links":{"self":[{"href":"https:\/\/govacation-domrep.com\/es\/wp-json\/wp\/v2\/pages\/31814","targetHints":{"allow":["GET"]}}],"collection":[{"href":"https:\/\/govacation-domrep.com\/es\/wp-json\/wp\/v2\/pages"}],"about":[{"href":"https:\/\/govacation-domrep.com\/es\/wp-json\/wp\/v2\/types\/page"}],"author":[{"embeddable":true,"href":"https:\/\/govacation-domrep.com\/es\/wp-json\/wp\/v2\/users\/1"}],"replies":[{"embeddable":true,"href":"https:\/\/govacation-domrep.com\/es\/wp-json\/wp\/v2\/comments?post=31814"}],"version-history":[{"count":4,"href":"https:\/\/govacation-domrep.com\/es\/wp-json\/wp\/v2\/pages\/31814\/revisions"}],"predecessor-version":[{"id":32925,"href":"https:\/\/govacation-domrep.com\/es\/wp-json\/wp\/v2\/pages\/31814\/revisions\/32925"}],"up":[{"embeddable":true,"href":"https:\/\/govacation-domrep.com\/es\/wp-json\/wp\/v2\/pages\/13227"}],"wp:attachment":[{"href":"https:\/\/govacation-domrep.com\/es\/wp-json\/wp\/v2\/media?parent=31814"}],"curies":[{"name":"wp","href":"https:\/\/api.w.org\/{rel}","templated":true}]}}