{"id":24184,"date":"2020-09-11T15:36:14","date_gmt":"2020-09-11T15:36:14","guid":{"rendered":"https:\/\/govacation-domrep.com\/flights-dominican-republic\/"},"modified":"2026-02-26T11:29:07","modified_gmt":"2026-02-26T15:29:07","slug":"vols","status":"publish","type":"page","link":"https:\/\/govacation-domrep.com\/fr\/vols\/","title":{"rendered":"Vols"},"content":{"rendered":"","protected":false},"excerpt":{"rendered":"","protected":false},"author":1,"featured_media":0,"parent":0,"menu_order":0,"comment_status":"closed","ping_status":"closed","template":"","meta":{"footnotes":""},"class_list":["post-24184","page","type-page","status-publish","hentry"],"yoast_head":"<!-- This site is optimized with the Yoast SEO plugin v27.4 - https:\/\/yoast.com\/product\/yoast-seo-wordpress\/ -->\n<title>Demande de vol R\u00e9publique Dominicaine - GoVacation R\u00e9publique Dominicaine<\/title>\n<meta name=\"description\" content=\"Vols bon march\u00e9 au d\u00e9part et \u00e0 destination de la R\u00e9publique dominicaine. R\u00e9servation anticip\u00e9e et de derni\u00e8re minute pour Punta Cana, Puerto Plata et Santo Domingo.\" \/>\n<meta name=\"robots\" content=\"index, follow, max-snippet:-1, max-image-preview:large, max-video-preview:-1\" \/>\n<link rel=\"canonical\" href=\"https:\/\/govacation-domrep.com\/fr\/vols\/\" \/>\n<meta property=\"og:locale\" content=\"fr_FR\" \/>\n<meta property=\"og:type\" content=\"article\" \/>\n<meta property=\"og:title\" content=\"Demande de vol R\u00e9publique Dominicaine - GoVacation R\u00e9publique Dominicaine\" \/>\n<meta property=\"og:description\" content=\"Vols bon march\u00e9 au d\u00e9part et \u00e0 destination de la R\u00e9publique dominicaine. R\u00e9servation anticip\u00e9e et de derni\u00e8re minute pour Punta Cana, Puerto Plata et Santo Domingo.\" \/>\n<meta property=\"og:url\" content=\"https:\/\/govacation-domrep.com\/fr\/vols\/\" \/>\n<meta property=\"og:site_name\" content=\"GoVacation R\u00e9publique Dominicaine\" \/>\n<meta property=\"article:modified_time\" content=\"2026-02-26T15:29:07+00:00\" \/>\n<meta name=\"twitter:card\" content=\"summary_large_image\" \/>\n<meta name=\"twitter:label1\" content=\"Dur\u00e9e de lecture estim\u00e9e\" \/>\n\t<meta name=\"twitter:data1\" content=\"1 minute\" \/>\n<script type=\"application\/ld+json\" class=\"yoast-schema-graph\">{\"@context\":\"https:\\\/\\\/schema.org\",\"@graph\":[{\"@type\":\"WebPage\",\"@id\":\"https:\\\/\\\/govacation-domrep.com\\\/fr\\\/vols\\\/\",\"url\":\"https:\\\/\\\/govacation-domrep.com\\\/fr\\\/vols\\\/\",\"name\":\"Demande de vol R\u00e9publique Dominicaine - GoVacation R\u00e9publique Dominicaine\",\"isPartOf\":{\"@id\":\"https:\\\/\\\/govacation-domrep.com\\\/fr\\\/#website\"},\"datePublished\":\"2020-09-11T15:36:14+00:00\",\"dateModified\":\"2026-02-26T15:29:07+00:00\",\"description\":\"Vols bon march\u00e9 au d\u00e9part et \u00e0 destination de la R\u00e9publique dominicaine. R\u00e9servation anticip\u00e9e et de derni\u00e8re minute pour Punta Cana, Puerto Plata et Santo Domingo.\",\"breadcrumb\":{\"@id\":\"https:\\\/\\\/govacation-domrep.com\\\/fr\\\/vols\\\/#breadcrumb\"},\"inLanguage\":\"fr-FR\",\"potentialAction\":[{\"@type\":\"ReadAction\",\"target\":[\"https:\\\/\\\/govacation-domrep.com\\\/fr\\\/vols\\\/\"]}]},{\"@type\":\"BreadcrumbList\",\"@id\":\"https:\\\/\\\/govacation-domrep.com\\\/fr\\\/vols\\\/#breadcrumb\",\"itemListElement\":[{\"@type\":\"ListItem\",\"position\":1,\"name\":\"Home\",\"item\":\"https:\\\/\\\/govacation-domrep.com\\\/fr\\\/\"},{\"@type\":\"ListItem\",\"position\":2,\"name\":\"Vols\"}]},{\"@type\":\"WebSite\",\"@id\":\"https:\\\/\\\/govacation-domrep.com\\\/fr\\\/#website\",\"url\":\"https:\\\/\\\/govacation-domrep.com\\\/fr\\\/\",\"name\":\"GoVacation R\u00e9publique Dominicaine\",\"description\":\"Incoming Agentur\",\"potentialAction\":[{\"@type\":\"SearchAction\",\"target\":{\"@type\":\"EntryPoint\",\"urlTemplate\":\"https:\\\/\\\/govacation-domrep.com\\\/fr\\\/?s={search_term_string}\"},\"query-input\":{\"@type\":\"PropertyValueSpecification\",\"valueRequired\":true,\"valueName\":\"search_term_string\"}}],\"inLanguage\":\"fr-FR\"}]}<\/script>\n<!-- \/ Yoast SEO plugin. -->","yoast_head_json":{"title":"Demande de vol R\u00e9publique Dominicaine - GoVacation R\u00e9publique Dominicaine","description":"Vols bon march\u00e9 au d\u00e9part et \u00e0 destination de la R\u00e9publique dominicaine. R\u00e9servation anticip\u00e9e et de derni\u00e8re minute pour Punta Cana, Puerto Plata et Santo Domingo.","robots":{"index":"index","follow":"follow","max-snippet":"max-snippet:-1","max-image-preview":"max-image-preview:large","max-video-preview":"max-video-preview:-1"},"canonical":"https:\/\/govacation-domrep.com\/fr\/vols\/","og_locale":"fr_FR","og_type":"article","og_title":"Demande de vol R\u00e9publique Dominicaine - GoVacation R\u00e9publique Dominicaine","og_description":"Vols bon march\u00e9 au d\u00e9part et \u00e0 destination de la R\u00e9publique dominicaine. R\u00e9servation anticip\u00e9e et de derni\u00e8re minute pour Punta Cana, Puerto Plata et Santo Domingo.","og_url":"https:\/\/govacation-domrep.com\/fr\/vols\/","og_site_name":"GoVacation R\u00e9publique Dominicaine","article_modified_time":"2026-02-26T15:29:07+00:00","twitter_card":"summary_large_image","twitter_misc":{"Dur\u00e9e de lecture estim\u00e9e":"1 minute"},"schema":{"@context":"https:\/\/schema.org","@graph":[{"@type":"WebPage","@id":"https:\/\/govacation-domrep.com\/fr\/vols\/","url":"https:\/\/govacation-domrep.com\/fr\/vols\/","name":"Demande de vol R\u00e9publique Dominicaine - GoVacation R\u00e9publique Dominicaine","isPartOf":{"@id":"https:\/\/govacation-domrep.com\/fr\/#website"},"datePublished":"2020-09-11T15:36:14+00:00","dateModified":"2026-02-26T15:29:07+00:00","description":"Vols bon march\u00e9 au d\u00e9part et \u00e0 destination de la R\u00e9publique dominicaine. R\u00e9servation anticip\u00e9e et de derni\u00e8re minute pour Punta Cana, Puerto Plata et Santo Domingo.","breadcrumb":{"@id":"https:\/\/govacation-domrep.com\/fr\/vols\/#breadcrumb"},"inLanguage":"fr-FR","potentialAction":[{"@type":"ReadAction","target":["https:\/\/govacation-domrep.com\/fr\/vols\/"]}]},{"@type":"BreadcrumbList","@id":"https:\/\/govacation-domrep.com\/fr\/vols\/#breadcrumb","itemListElement":[{"@type":"ListItem","position":1,"name":"Home","item":"https:\/\/govacation-domrep.com\/fr\/"},{"@type":"ListItem","position":2,"name":"Vols"}]},{"@type":"WebSite","@id":"https:\/\/govacation-domrep.com\/fr\/#website","url":"https:\/\/govacation-domrep.com\/fr\/","name":"GoVacation R\u00e9publique Dominicaine","description":"Incoming Agentur","potentialAction":[{"@type":"SearchAction","target":{"@type":"EntryPoint","urlTemplate":"https:\/\/govacation-domrep.com\/fr\/?s={search_term_string}"},"query-input":{"@type":"PropertyValueSpecification","valueRequired":true,"valueName":"search_term_string"}}],"inLanguage":"fr-FR"}]}},"_links":{"self":[{"href":"https:\/\/govacation-domrep.com\/fr\/wp-json\/wp\/v2\/pages\/24184","targetHints":{"allow":["GET"]}}],"collection":[{"href":"https:\/\/govacation-domrep.com\/fr\/wp-json\/wp\/v2\/pages"}],"about":[{"href":"https:\/\/govacation-domrep.com\/fr\/wp-json\/wp\/v2\/types\/page"}],"author":[{"embeddable":true,"href":"https:\/\/govacation-domrep.com\/fr\/wp-json\/wp\/v2\/users\/1"}],"replies":[{"embeddable":true,"href":"https:\/\/govacation-domrep.com\/fr\/wp-json\/wp\/v2\/comments?post=24184"}],"version-history":[{"count":6,"href":"https:\/\/govacation-domrep.com\/fr\/wp-json\/wp\/v2\/pages\/24184\/revisions"}],"predecessor-version":[{"id":33269,"href":"https:\/\/govacation-domrep.com\/fr\/wp-json\/wp\/v2\/pages\/24184\/revisions\/33269"}],"wp:attachment":[{"href":"https:\/\/govacation-domrep.com\/fr\/wp-json\/wp\/v2\/media?parent=24184"}],"curies":[{"name":"wp","href":"https:\/\/api.w.org\/{rel}","templated":true}]}}