{"id":24191,"date":"2017-01-25T06:52:02","date_gmt":"2017-01-25T06:52:02","guid":{"rendered":"https:\/\/govacation-domrep.com\/reiseziele-dominikanische-republik\/"},"modified":"2022-11-16T10:54:38","modified_gmt":"2022-11-16T14:54:38","slug":"destinations","status":"publish","type":"page","link":"https:\/\/govacation-domrep.com\/fr\/destinations\/","title":{"rendered":"Destinations"},"content":{"rendered":"","protected":false},"excerpt":{"rendered":"","protected":false},"author":1,"featured_media":0,"parent":0,"menu_order":0,"comment_status":"closed","ping_status":"closed","template":"","meta":{"footnotes":""},"class_list":["post-24191","page","type-page","status-publish","hentry"],"yoast_head":"<!-- This site is optimized with the Yoast SEO plugin v27.5 - https:\/\/yoast.com\/product\/yoast-seo-wordpress\/ -->\n<title>Destinations R\u00e9publique Dominicaine - GoVacation R\u00e9publique Dominicaine<\/title>\n<meta name=\"description\" content=\"La R\u00e9publique dominicaine est le deuxi\u00e8me pays le plus grand et le plus diversifi\u00e9 des Cara\u00efbes. Elle se trouve \u00e0 seulement deux heures au sud de Miami, ...\" \/>\n<meta name=\"robots\" content=\"index, follow, max-snippet:-1, max-image-preview:large, max-video-preview:-1\" \/>\n<link rel=\"canonical\" href=\"https:\/\/govacation-domrep.com\/fr\/destinations\/\" \/>\n<meta property=\"og:locale\" content=\"fr_FR\" \/>\n<meta property=\"og:type\" content=\"article\" \/>\n<meta property=\"og:title\" content=\"Destinations R\u00e9publique Dominicaine - GoVacation R\u00e9publique Dominicaine\" \/>\n<meta property=\"og:description\" content=\"La R\u00e9publique dominicaine est le deuxi\u00e8me pays le plus grand et le plus diversifi\u00e9 des Cara\u00efbes. Elle se trouve \u00e0 seulement deux heures au sud de Miami, ...\" \/>\n<meta property=\"og:url\" content=\"https:\/\/govacation-domrep.com\/fr\/destinations\/\" \/>\n<meta property=\"og:site_name\" content=\"GoVacation R\u00e9publique Dominicaine\" \/>\n<meta property=\"article:modified_time\" content=\"2022-11-16T14:54:38+00:00\" \/>\n<meta name=\"twitter:card\" content=\"summary_large_image\" \/>\n<script type=\"application\/ld+json\" class=\"yoast-schema-graph\">{\"@context\":\"https:\\\/\\\/schema.org\",\"@graph\":[{\"@type\":\"WebPage\",\"@id\":\"https:\\\/\\\/govacation-domrep.com\\\/fr\\\/destinations\\\/\",\"url\":\"https:\\\/\\\/govacation-domrep.com\\\/fr\\\/destinations\\\/\",\"name\":\"Destinations R\u00e9publique Dominicaine - GoVacation R\u00e9publique Dominicaine\",\"isPartOf\":{\"@id\":\"https:\\\/\\\/govacation-domrep.com\\\/fr\\\/#website\"},\"datePublished\":\"2017-01-25T06:52:02+00:00\",\"dateModified\":\"2022-11-16T14:54:38+00:00\",\"description\":\"La R\u00e9publique dominicaine est le deuxi\u00e8me pays le plus grand et le plus diversifi\u00e9 des Cara\u00efbes. Elle se trouve \u00e0 seulement deux heures au sud de Miami, ...\",\"breadcrumb\":{\"@id\":\"https:\\\/\\\/govacation-domrep.com\\\/fr\\\/destinations\\\/#breadcrumb\"},\"inLanguage\":\"fr-FR\",\"potentialAction\":[{\"@type\":\"ReadAction\",\"target\":[\"https:\\\/\\\/govacation-domrep.com\\\/fr\\\/destinations\\\/\"]}]},{\"@type\":\"BreadcrumbList\",\"@id\":\"https:\\\/\\\/govacation-domrep.com\\\/fr\\\/destinations\\\/#breadcrumb\",\"itemListElement\":[{\"@type\":\"ListItem\",\"position\":1,\"name\":\"Home\",\"item\":\"https:\\\/\\\/govacation-domrep.com\\\/fr\\\/\"},{\"@type\":\"ListItem\",\"position\":2,\"name\":\"Destinations\"}]},{\"@type\":\"WebSite\",\"@id\":\"https:\\\/\\\/govacation-domrep.com\\\/fr\\\/#website\",\"url\":\"https:\\\/\\\/govacation-domrep.com\\\/fr\\\/\",\"name\":\"GoVacation R\u00e9publique Dominicaine\",\"description\":\"Incoming Agentur\",\"potentialAction\":[{\"@type\":\"SearchAction\",\"target\":{\"@type\":\"EntryPoint\",\"urlTemplate\":\"https:\\\/\\\/govacation-domrep.com\\\/fr\\\/?s={search_term_string}\"},\"query-input\":{\"@type\":\"PropertyValueSpecification\",\"valueRequired\":true,\"valueName\":\"search_term_string\"}}],\"inLanguage\":\"fr-FR\"}]}<\/script>\n<!-- \/ Yoast SEO plugin. -->","yoast_head_json":{"title":"Destinations R\u00e9publique Dominicaine - GoVacation R\u00e9publique Dominicaine","description":"La R\u00e9publique dominicaine est le deuxi\u00e8me pays le plus grand et le plus diversifi\u00e9 des Cara\u00efbes. Elle se trouve \u00e0 seulement deux heures au sud de Miami, ...","robots":{"index":"index","follow":"follow","max-snippet":"max-snippet:-1","max-image-preview":"max-image-preview:large","max-video-preview":"max-video-preview:-1"},"canonical":"https:\/\/govacation-domrep.com\/fr\/destinations\/","og_locale":"fr_FR","og_type":"article","og_title":"Destinations R\u00e9publique Dominicaine - GoVacation R\u00e9publique Dominicaine","og_description":"La R\u00e9publique dominicaine est le deuxi\u00e8me pays le plus grand et le plus diversifi\u00e9 des Cara\u00efbes. Elle se trouve \u00e0 seulement deux heures au sud de Miami, ...","og_url":"https:\/\/govacation-domrep.com\/fr\/destinations\/","og_site_name":"GoVacation R\u00e9publique Dominicaine","article_modified_time":"2022-11-16T14:54:38+00:00","twitter_card":"summary_large_image","schema":{"@context":"https:\/\/schema.org","@graph":[{"@type":"WebPage","@id":"https:\/\/govacation-domrep.com\/fr\/destinations\/","url":"https:\/\/govacation-domrep.com\/fr\/destinations\/","name":"Destinations R\u00e9publique Dominicaine - GoVacation R\u00e9publique Dominicaine","isPartOf":{"@id":"https:\/\/govacation-domrep.com\/fr\/#website"},"datePublished":"2017-01-25T06:52:02+00:00","dateModified":"2022-11-16T14:54:38+00:00","description":"La R\u00e9publique dominicaine est le deuxi\u00e8me pays le plus grand et le plus diversifi\u00e9 des Cara\u00efbes. Elle se trouve \u00e0 seulement deux heures au sud de Miami, ...","breadcrumb":{"@id":"https:\/\/govacation-domrep.com\/fr\/destinations\/#breadcrumb"},"inLanguage":"fr-FR","potentialAction":[{"@type":"ReadAction","target":["https:\/\/govacation-domrep.com\/fr\/destinations\/"]}]},{"@type":"BreadcrumbList","@id":"https:\/\/govacation-domrep.com\/fr\/destinations\/#breadcrumb","itemListElement":[{"@type":"ListItem","position":1,"name":"Home","item":"https:\/\/govacation-domrep.com\/fr\/"},{"@type":"ListItem","position":2,"name":"Destinations"}]},{"@type":"WebSite","@id":"https:\/\/govacation-domrep.com\/fr\/#website","url":"https:\/\/govacation-domrep.com\/fr\/","name":"GoVacation R\u00e9publique Dominicaine","description":"Incoming Agentur","potentialAction":[{"@type":"SearchAction","target":{"@type":"EntryPoint","urlTemplate":"https:\/\/govacation-domrep.com\/fr\/?s={search_term_string}"},"query-input":{"@type":"PropertyValueSpecification","valueRequired":true,"valueName":"search_term_string"}}],"inLanguage":"fr-FR"}]}},"_links":{"self":[{"href":"https:\/\/govacation-domrep.com\/fr\/wp-json\/wp\/v2\/pages\/24191","targetHints":{"allow":["GET"]}}],"collection":[{"href":"https:\/\/govacation-domrep.com\/fr\/wp-json\/wp\/v2\/pages"}],"about":[{"href":"https:\/\/govacation-domrep.com\/fr\/wp-json\/wp\/v2\/types\/page"}],"author":[{"embeddable":true,"href":"https:\/\/govacation-domrep.com\/fr\/wp-json\/wp\/v2\/users\/1"}],"replies":[{"embeddable":true,"href":"https:\/\/govacation-domrep.com\/fr\/wp-json\/wp\/v2\/comments?post=24191"}],"version-history":[{"count":3,"href":"https:\/\/govacation-domrep.com\/fr\/wp-json\/wp\/v2\/pages\/24191\/revisions"}],"predecessor-version":[{"id":26142,"href":"https:\/\/govacation-domrep.com\/fr\/wp-json\/wp\/v2\/pages\/24191\/revisions\/26142"}],"wp:attachment":[{"href":"https:\/\/govacation-domrep.com\/fr\/wp-json\/wp\/v2\/media?parent=24191"}],"curies":[{"name":"wp","href":"https:\/\/api.w.org\/{rel}","templated":true}]}}