{"id":24432,"date":"2019-03-26T09:09:23","date_gmt":"2019-03-26T09:09:23","guid":{"rendered":"https:\/\/govacation-domrep.com\/homepage\/"},"modified":"2026-03-05T20:01:03","modified_gmt":"2026-03-06T00:01:03","slug":"homepage","status":"publish","type":"page","link":"https:\/\/govacation-domrep.com\/fr\/","title":{"rendered":"GoVacation"},"content":{"rendered":"","protected":false},"excerpt":{"rendered":"","protected":false},"author":1,"featured_media":0,"parent":0,"menu_order":0,"comment_status":"closed","ping_status":"closed","template":"","meta":{"footnotes":""},"class_list":["post-24432","page","type-page","status-publish","hentry"],"yoast_head":"<!-- This site is optimized with the Yoast SEO plugin v27.4 - https:\/\/yoast.com\/product\/yoast-seo-wordpress\/ -->\n<title>Go Vacation R\u00e9publique Dominicaine - Tour op\u00e9rateur et agence de voyage<\/title>\n<meta name=\"description\" content=\"R\u00e9servation en ligne d&#039;h\u00f4tels, de forfaits, d&#039;excursions, de transferts et de vols vers la R\u00e9publique dominicaine. Soci\u00e9t\u00e9 DER Touristik\" \/>\n<meta name=\"robots\" content=\"index, follow, max-snippet:-1, max-image-preview:large, max-video-preview:-1\" \/>\n<link rel=\"canonical\" href=\"https:\/\/govacation-domrep.com\/fr\/\" \/>\n<meta property=\"og:locale\" content=\"fr_FR\" \/>\n<meta property=\"og:type\" content=\"article\" \/>\n<meta property=\"og:title\" content=\"Go Vacation R\u00e9publique Dominicaine - Tour op\u00e9rateur et agence de voyage\" \/>\n<meta property=\"og:description\" content=\"R\u00e9servation en ligne d&#039;h\u00f4tels, de forfaits, d&#039;excursions, de transferts et de vols vers la R\u00e9publique dominicaine. Soci\u00e9t\u00e9 DER Touristik\" \/>\n<meta property=\"og:url\" content=\"https:\/\/govacation-domrep.com\/fr\/\" \/>\n<meta property=\"og:site_name\" content=\"GoVacation R\u00e9publique Dominicaine\" \/>\n<meta property=\"article:modified_time\" content=\"2026-03-06T00:01:03+00:00\" \/>\n<meta name=\"twitter:card\" content=\"summary_large_image\" \/>\n<meta name=\"twitter:label1\" content=\"Dur\u00e9e de lecture estim\u00e9e\" \/>\n\t<meta name=\"twitter:data1\" content=\"5 minutes\" \/>\n<script type=\"application\/ld+json\" class=\"yoast-schema-graph\">{\"@context\":\"https:\\\/\\\/schema.org\",\"@graph\":[{\"@type\":\"WebPage\",\"@id\":\"https:\\\/\\\/govacation-domrep.com\\\/fr\\\/\",\"url\":\"https:\\\/\\\/govacation-domrep.com\\\/fr\\\/\",\"name\":\"Go Vacation R\u00e9publique Dominicaine - Tour op\u00e9rateur et agence de voyage\",\"isPartOf\":{\"@id\":\"https:\\\/\\\/govacation-domrep.com\\\/fr\\\/#website\"},\"datePublished\":\"2019-03-26T09:09:23+00:00\",\"dateModified\":\"2026-03-06T00:01:03+00:00\",\"description\":\"R\u00e9servation en ligne d'h\u00f4tels, de forfaits, d'excursions, de transferts et de vols vers la R\u00e9publique dominicaine. Soci\u00e9t\u00e9 DER Touristik\",\"breadcrumb\":{\"@id\":\"https:\\\/\\\/govacation-domrep.com\\\/fr\\\/#breadcrumb\"},\"inLanguage\":\"fr-FR\",\"potentialAction\":[{\"@type\":\"ReadAction\",\"target\":[\"https:\\\/\\\/govacation-domrep.com\\\/fr\\\/\"]}]},{\"@type\":\"BreadcrumbList\",\"@id\":\"https:\\\/\\\/govacation-domrep.com\\\/fr\\\/#breadcrumb\",\"itemListElement\":[{\"@type\":\"ListItem\",\"position\":1,\"name\":\"Home\",\"item\":\"https:\\\/\\\/govacation-domrep.com\\\/fr\\\/\"},{\"@type\":\"ListItem\",\"position\":2,\"name\":\"GoVacation\"}]},{\"@type\":\"WebSite\",\"@id\":\"https:\\\/\\\/govacation-domrep.com\\\/fr\\\/#website\",\"url\":\"https:\\\/\\\/govacation-domrep.com\\\/fr\\\/\",\"name\":\"GoVacation R\u00e9publique Dominicaine\",\"description\":\"Incoming Agentur\",\"potentialAction\":[{\"@type\":\"SearchAction\",\"target\":{\"@type\":\"EntryPoint\",\"urlTemplate\":\"https:\\\/\\\/govacation-domrep.com\\\/fr\\\/?s={search_term_string}\"},\"query-input\":{\"@type\":\"PropertyValueSpecification\",\"valueRequired\":true,\"valueName\":\"search_term_string\"}}],\"inLanguage\":\"fr-FR\"}]}<\/script>\n<!-- \/ Yoast SEO plugin. -->","yoast_head_json":{"title":"Go Vacation R\u00e9publique Dominicaine - Tour op\u00e9rateur et agence de voyage","description":"R\u00e9servation en ligne d'h\u00f4tels, de forfaits, d'excursions, de transferts et de vols vers la R\u00e9publique dominicaine. Soci\u00e9t\u00e9 DER Touristik","robots":{"index":"index","follow":"follow","max-snippet":"max-snippet:-1","max-image-preview":"max-image-preview:large","max-video-preview":"max-video-preview:-1"},"canonical":"https:\/\/govacation-domrep.com\/fr\/","og_locale":"fr_FR","og_type":"article","og_title":"Go Vacation R\u00e9publique Dominicaine - Tour op\u00e9rateur et agence de voyage","og_description":"R\u00e9servation en ligne d'h\u00f4tels, de forfaits, d'excursions, de transferts et de vols vers la R\u00e9publique dominicaine. Soci\u00e9t\u00e9 DER Touristik","og_url":"https:\/\/govacation-domrep.com\/fr\/","og_site_name":"GoVacation R\u00e9publique Dominicaine","article_modified_time":"2026-03-06T00:01:03+00:00","twitter_card":"summary_large_image","twitter_misc":{"Dur\u00e9e de lecture estim\u00e9e":"5 minutes"},"schema":{"@context":"https:\/\/schema.org","@graph":[{"@type":"WebPage","@id":"https:\/\/govacation-domrep.com\/fr\/","url":"https:\/\/govacation-domrep.com\/fr\/","name":"Go Vacation R\u00e9publique Dominicaine - Tour op\u00e9rateur et agence de voyage","isPartOf":{"@id":"https:\/\/govacation-domrep.com\/fr\/#website"},"datePublished":"2019-03-26T09:09:23+00:00","dateModified":"2026-03-06T00:01:03+00:00","description":"R\u00e9servation en ligne d'h\u00f4tels, de forfaits, d'excursions, de transferts et de vols vers la R\u00e9publique dominicaine. Soci\u00e9t\u00e9 DER Touristik","breadcrumb":{"@id":"https:\/\/govacation-domrep.com\/fr\/#breadcrumb"},"inLanguage":"fr-FR","potentialAction":[{"@type":"ReadAction","target":["https:\/\/govacation-domrep.com\/fr\/"]}]},{"@type":"BreadcrumbList","@id":"https:\/\/govacation-domrep.com\/fr\/#breadcrumb","itemListElement":[{"@type":"ListItem","position":1,"name":"Home","item":"https:\/\/govacation-domrep.com\/fr\/"},{"@type":"ListItem","position":2,"name":"GoVacation"}]},{"@type":"WebSite","@id":"https:\/\/govacation-domrep.com\/fr\/#website","url":"https:\/\/govacation-domrep.com\/fr\/","name":"GoVacation R\u00e9publique Dominicaine","description":"Incoming Agentur","potentialAction":[{"@type":"SearchAction","target":{"@type":"EntryPoint","urlTemplate":"https:\/\/govacation-domrep.com\/fr\/?s={search_term_string}"},"query-input":{"@type":"PropertyValueSpecification","valueRequired":true,"valueName":"search_term_string"}}],"inLanguage":"fr-FR"}]}},"_links":{"self":[{"href":"https:\/\/govacation-domrep.com\/fr\/wp-json\/wp\/v2\/pages\/24432","targetHints":{"allow":["GET"]}}],"collection":[{"href":"https:\/\/govacation-domrep.com\/fr\/wp-json\/wp\/v2\/pages"}],"about":[{"href":"https:\/\/govacation-domrep.com\/fr\/wp-json\/wp\/v2\/types\/page"}],"author":[{"embeddable":true,"href":"https:\/\/govacation-domrep.com\/fr\/wp-json\/wp\/v2\/users\/1"}],"replies":[{"embeddable":true,"href":"https:\/\/govacation-domrep.com\/fr\/wp-json\/wp\/v2\/comments?post=24432"}],"version-history":[{"count":5,"href":"https:\/\/govacation-domrep.com\/fr\/wp-json\/wp\/v2\/pages\/24432\/revisions"}],"predecessor-version":[{"id":33565,"href":"https:\/\/govacation-domrep.com\/fr\/wp-json\/wp\/v2\/pages\/24432\/revisions\/33565"}],"wp:attachment":[{"href":"https:\/\/govacation-domrep.com\/fr\/wp-json\/wp\/v2\/media?parent=24432"}],"curies":[{"name":"wp","href":"https:\/\/api.w.org\/{rel}","templated":true}]}}