{"id":26127,"date":"2021-06-17T14:22:21","date_gmt":"2021-06-17T14:22:21","guid":{"rendered":"https:\/\/govacation-domrep.com\/impressum\/"},"modified":"2025-09-05T09:25:41","modified_gmt":"2025-09-05T13:25:41","slug":"mentions-legales","status":"publish","type":"page","link":"https:\/\/govacation-domrep.com\/fr\/mentions-legales\/","title":{"rendered":"Mentions l\u00e9gales"},"content":{"rendered":"<p><strong>Adresse de contact<\/strong><\/p>\n<p>Go Caribic S.R.L.<br \/>\nAvenida Manolo Tavarez Justo<br \/>\nPlaza Turisol No. 55<br \/>\nPuerto Plata 57000<br \/>\nDominican Republic<\/p>\n<p>Email: service@gocaribic.com<\/p>\n<p><strong>Personne(s)<\/strong><\/p>\n<p>autoris\u00e9e \u00e0 repr\u00e9senter.<\/p>\n<p>Sebastien Garcia<\/p>\n<p><strong>Inscription au registre des commer\u00e7ants<\/strong><\/p>\n<p>Raison sociale : Go Caribic S.R.L.<br \/>\n1006-PP<\/p>\n<p><strong>Num\u00e9ro de TVA<\/strong><\/p>\n<p>Num\u00e9ro RNC (TVA) : 1-01-53871-6<\/p>\n<p><strong>Avis de non-responsabilit\u00e9<\/strong><\/p>\n<p>L&rsquo;auteur ne donne aucune garantie quant \u00e0 l&rsquo;exactitude, la justesse, l&rsquo;actualit\u00e9, la fiabilit\u00e9 ou l&rsquo;exhaustivit\u00e9 du contenu des informations.<\/p>\n<p>Toute action en responsabilit\u00e9 \u00e0 l&rsquo;encontre de l&rsquo;auteur pour des dommages de nature mat\u00e9rielle ou immat\u00e9rielle r\u00e9sultant de l&rsquo;acc\u00e8s aux informations publi\u00e9es, de leur utilisation ou de leur non-utilisation, d&rsquo;une mauvaise utilisation de la connexion ou de d\u00e9fauts techniques est exclue.<\/p>\n<p>Toutes les offres sont sans engagement. L&rsquo;auteur se r\u00e9serve express\u00e9ment le droit de modifier, de compl\u00e9ter ou de supprimer certaines parties des pages ou l&rsquo;ensemble de l&rsquo;offre sans pr\u00e9avis particulier, ou de cesser temporairement ou d\u00e9finitivement la publication.<\/p>\n<p><strong>Exclusion de responsabilit\u00e9 pour les liens<\/strong><\/p>\n<p>Les r\u00e9f\u00e9rences et les liens vers des sites Web de tiers ne rel\u00e8vent pas de notre responsabilit\u00e9. Nous d\u00e9clinons toute responsabilit\u00e9 pour ces sites. L&rsquo;acc\u00e8s \u00e0 ces sites et leur utilisation se font aux risques et p\u00e9rils de l&rsquo;utilisateur.<\/p>\n<p><strong>Droits d&rsquo;auteur<\/strong><\/p>\n<p>Les droits d&rsquo;auteur et tous les autres droits sur le contenu, les images, les photos ou autres fichiers de ce site web, appartiennent exclusivement \u00e0 <strong>Go Caribic S.R.L.<\/strong> ou aux d\u00e9tenteurs de droits sp\u00e9cifiquement mentionn\u00e9s tels que les h\u00f4tels, les organisateurs. Pour la reproduction de tout \u00e9l\u00e9ment, le consentement \u00e9crit du d\u00e9tenteur des droits d&rsquo;auteur doit \u00eatre obtenu au pr\u00e9alable.<\/p>\n","protected":false},"excerpt":{"rendered":"<p>Adresse de contact Go Caribic S.R.L. Avenida Manolo Tavarez Justo Plaza Turisol No. 55 Puerto Plata 57000 Dominican Republic Email: service@gocaribic.com Personne(s) autoris\u00e9e \u00e0 repr\u00e9senter. Sebastien Garcia Inscription au registre des commer\u00e7ants Raison sociale : Go Caribic S.R.L. 1006-PP Num\u00e9ro de TVA Num\u00e9ro RNC (TVA) : 1-01-53871-6 Avis de non-responsabilit\u00e9 L&rsquo;auteur ne donne aucune garantie [&hellip;]<\/p>\n","protected":false},"author":1,"featured_media":0,"parent":0,"menu_order":0,"comment_status":"closed","ping_status":"closed","template":"","meta":{"footnotes":""},"class_list":["post-26127","page","type-page","status-publish","hentry"],"yoast_head":"<!-- This site is optimized with the Yoast SEO plugin v27.3 - https:\/\/yoast.com\/product\/yoast-seo-wordpress\/ -->\n<title>Mentions l\u00e9gales - GoVacation R\u00e9publique Dominicaine<\/title>\n<meta name=\"robots\" content=\"index, follow, max-snippet:-1, max-image-preview:large, max-video-preview:-1\" \/>\n<link rel=\"canonical\" href=\"https:\/\/govacation-domrep.com\/fr\/mentions-legales\/\" \/>\n<meta property=\"og:locale\" content=\"fr_FR\" \/>\n<meta property=\"og:type\" content=\"article\" \/>\n<meta property=\"og:title\" content=\"Mentions l\u00e9gales - GoVacation R\u00e9publique Dominicaine\" \/>\n<meta property=\"og:description\" content=\"Adresse de contact Go Caribic S.R.L. Avenida Manolo Tavarez Justo Plaza Turisol No. 55 Puerto Plata 57000 Dominican Republic Email: service@gocaribic.com Personne(s) autoris\u00e9e \u00e0 repr\u00e9senter. Sebastien Garcia Inscription au registre des commer\u00e7ants Raison sociale : Go Caribic S.R.L. 1006-PP Num\u00e9ro de TVA Num\u00e9ro RNC (TVA) : 1-01-53871-6 Avis de non-responsabilit\u00e9 L&rsquo;auteur ne donne aucune garantie [&hellip;]\" \/>\n<meta property=\"og:url\" content=\"https:\/\/govacation-domrep.com\/fr\/mentions-legales\/\" \/>\n<meta property=\"og:site_name\" content=\"GoVacation R\u00e9publique Dominicaine\" \/>\n<meta property=\"article:modified_time\" content=\"2025-09-05T13:25:41+00:00\" \/>\n<meta name=\"twitter:card\" content=\"summary_large_image\" \/>\n<meta name=\"twitter:label1\" content=\"Dur\u00e9e de lecture estim\u00e9e\" \/>\n\t<meta name=\"twitter:data1\" content=\"2 minutes\" \/>\n<script type=\"application\/ld+json\" class=\"yoast-schema-graph\">{\"@context\":\"https:\\\/\\\/schema.org\",\"@graph\":[{\"@type\":\"WebPage\",\"@id\":\"https:\\\/\\\/govacation-domrep.com\\\/fr\\\/mentions-legales\\\/\",\"url\":\"https:\\\/\\\/govacation-domrep.com\\\/fr\\\/mentions-legales\\\/\",\"name\":\"Mentions l\u00e9gales - GoVacation R\u00e9publique Dominicaine\",\"isPartOf\":{\"@id\":\"https:\\\/\\\/govacation-domrep.com\\\/fr\\\/#website\"},\"datePublished\":\"2021-06-17T14:22:21+00:00\",\"dateModified\":\"2025-09-05T13:25:41+00:00\",\"breadcrumb\":{\"@id\":\"https:\\\/\\\/govacation-domrep.com\\\/fr\\\/mentions-legales\\\/#breadcrumb\"},\"inLanguage\":\"fr-FR\",\"potentialAction\":[{\"@type\":\"ReadAction\",\"target\":[\"https:\\\/\\\/govacation-domrep.com\\\/fr\\\/mentions-legales\\\/\"]}]},{\"@type\":\"BreadcrumbList\",\"@id\":\"https:\\\/\\\/govacation-domrep.com\\\/fr\\\/mentions-legales\\\/#breadcrumb\",\"itemListElement\":[{\"@type\":\"ListItem\",\"position\":1,\"name\":\"Home\",\"item\":\"https:\\\/\\\/govacation-domrep.com\\\/fr\\\/\"},{\"@type\":\"ListItem\",\"position\":2,\"name\":\"Mentions l\u00e9gales\"}]},{\"@type\":\"WebSite\",\"@id\":\"https:\\\/\\\/govacation-domrep.com\\\/fr\\\/#website\",\"url\":\"https:\\\/\\\/govacation-domrep.com\\\/fr\\\/\",\"name\":\"GoVacation R\u00e9publique Dominicaine\",\"description\":\"Incoming Agentur\",\"potentialAction\":[{\"@type\":\"SearchAction\",\"target\":{\"@type\":\"EntryPoint\",\"urlTemplate\":\"https:\\\/\\\/govacation-domrep.com\\\/fr\\\/?s={search_term_string}\"},\"query-input\":{\"@type\":\"PropertyValueSpecification\",\"valueRequired\":true,\"valueName\":\"search_term_string\"}}],\"inLanguage\":\"fr-FR\"}]}<\/script>\n<!-- \/ Yoast SEO plugin. -->","yoast_head_json":{"title":"Mentions l\u00e9gales - GoVacation R\u00e9publique Dominicaine","robots":{"index":"index","follow":"follow","max-snippet":"max-snippet:-1","max-image-preview":"max-image-preview:large","max-video-preview":"max-video-preview:-1"},"canonical":"https:\/\/govacation-domrep.com\/fr\/mentions-legales\/","og_locale":"fr_FR","og_type":"article","og_title":"Mentions l\u00e9gales - GoVacation R\u00e9publique Dominicaine","og_description":"Adresse de contact Go Caribic S.R.L. Avenida Manolo Tavarez Justo Plaza Turisol No. 55 Puerto Plata 57000 Dominican Republic Email: service@gocaribic.com Personne(s) autoris\u00e9e \u00e0 repr\u00e9senter. Sebastien Garcia Inscription au registre des commer\u00e7ants Raison sociale : Go Caribic S.R.L. 1006-PP Num\u00e9ro de TVA Num\u00e9ro RNC (TVA) : 1-01-53871-6 Avis de non-responsabilit\u00e9 L&rsquo;auteur ne donne aucune garantie [&hellip;]","og_url":"https:\/\/govacation-domrep.com\/fr\/mentions-legales\/","og_site_name":"GoVacation R\u00e9publique Dominicaine","article_modified_time":"2025-09-05T13:25:41+00:00","twitter_card":"summary_large_image","twitter_misc":{"Dur\u00e9e de lecture estim\u00e9e":"2 minutes"},"schema":{"@context":"https:\/\/schema.org","@graph":[{"@type":"WebPage","@id":"https:\/\/govacation-domrep.com\/fr\/mentions-legales\/","url":"https:\/\/govacation-domrep.com\/fr\/mentions-legales\/","name":"Mentions l\u00e9gales - GoVacation R\u00e9publique Dominicaine","isPartOf":{"@id":"https:\/\/govacation-domrep.com\/fr\/#website"},"datePublished":"2021-06-17T14:22:21+00:00","dateModified":"2025-09-05T13:25:41+00:00","breadcrumb":{"@id":"https:\/\/govacation-domrep.com\/fr\/mentions-legales\/#breadcrumb"},"inLanguage":"fr-FR","potentialAction":[{"@type":"ReadAction","target":["https:\/\/govacation-domrep.com\/fr\/mentions-legales\/"]}]},{"@type":"BreadcrumbList","@id":"https:\/\/govacation-domrep.com\/fr\/mentions-legales\/#breadcrumb","itemListElement":[{"@type":"ListItem","position":1,"name":"Home","item":"https:\/\/govacation-domrep.com\/fr\/"},{"@type":"ListItem","position":2,"name":"Mentions l\u00e9gales"}]},{"@type":"WebSite","@id":"https:\/\/govacation-domrep.com\/fr\/#website","url":"https:\/\/govacation-domrep.com\/fr\/","name":"GoVacation R\u00e9publique Dominicaine","description":"Incoming Agentur","potentialAction":[{"@type":"SearchAction","target":{"@type":"EntryPoint","urlTemplate":"https:\/\/govacation-domrep.com\/fr\/?s={search_term_string}"},"query-input":{"@type":"PropertyValueSpecification","valueRequired":true,"valueName":"search_term_string"}}],"inLanguage":"fr-FR"}]}},"_links":{"self":[{"href":"https:\/\/govacation-domrep.com\/fr\/wp-json\/wp\/v2\/pages\/26127","targetHints":{"allow":["GET"]}}],"collection":[{"href":"https:\/\/govacation-domrep.com\/fr\/wp-json\/wp\/v2\/pages"}],"about":[{"href":"https:\/\/govacation-domrep.com\/fr\/wp-json\/wp\/v2\/types\/page"}],"author":[{"embeddable":true,"href":"https:\/\/govacation-domrep.com\/fr\/wp-json\/wp\/v2\/users\/1"}],"replies":[{"embeddable":true,"href":"https:\/\/govacation-domrep.com\/fr\/wp-json\/wp\/v2\/comments?post=26127"}],"version-history":[{"count":5,"href":"https:\/\/govacation-domrep.com\/fr\/wp-json\/wp\/v2\/pages\/26127\/revisions"}],"predecessor-version":[{"id":31456,"href":"https:\/\/govacation-domrep.com\/fr\/wp-json\/wp\/v2\/pages\/26127\/revisions\/31456"}],"wp:attachment":[{"href":"https:\/\/govacation-domrep.com\/fr\/wp-json\/wp\/v2\/media?parent=26127"}],"curies":[{"name":"wp","href":"https:\/\/api.w.org\/{rel}","templated":true}]}}