{"id":31799,"date":"2025-09-23T09:29:13","date_gmt":"2025-09-23T13:29:13","guid":{"rendered":"https:\/\/govacation-domrep.com\/?page_id=31799"},"modified":"2025-10-12T20:21:36","modified_gmt":"2025-10-13T00:21:36","slug":"excursions-activites-las-galeras","status":"publish","type":"page","link":"https:\/\/govacation-domrep.com\/fr\/excursions-et-activites\/excursions-activites-las-galeras\/","title":{"rendered":"Excursions &#038; Activit\u00e9s Las Galeras"},"content":{"rendered":"","protected":false},"excerpt":{"rendered":"","protected":false},"author":1,"featured_media":0,"parent":24167,"menu_order":0,"comment_status":"closed","ping_status":"closed","template":"","meta":{"footnotes":""},"class_list":["post-31799","page","type-page","status-publish","hentry"],"yoast_head":"<!-- This site is optimized with the Yoast SEO plugin v27.3 - https:\/\/yoast.com\/product\/yoast-seo-wordpress\/ -->\n<title>Excursions &amp; Activit\u00e9s Las Galeras - GoVacation R\u00e9publique Dominicaine<\/title>\n<meta name=\"description\" content=\"Excursions et activit\u00e9s sur Las Galeras, R\u00e9publique dominicaine. R\u00e9servez vos excursions directement en ligne aupr\u00e8s de votre guide.\" \/>\n<meta name=\"robots\" content=\"index, follow, max-snippet:-1, max-image-preview:large, max-video-preview:-1\" \/>\n<link rel=\"canonical\" href=\"https:\/\/govacation-domrep.com\/fr\/excursions-et-activites\/excursions-activites-las-galeras\/\" \/>\n<meta property=\"og:locale\" content=\"fr_FR\" \/>\n<meta property=\"og:type\" content=\"article\" \/>\n<meta property=\"og:title\" content=\"Excursions &amp; Activit\u00e9s Las Galeras - GoVacation R\u00e9publique Dominicaine\" \/>\n<meta property=\"og:description\" content=\"Excursions et activit\u00e9s sur Las Galeras, R\u00e9publique dominicaine. R\u00e9servez vos excursions directement en ligne aupr\u00e8s de votre guide.\" \/>\n<meta property=\"og:url\" content=\"https:\/\/govacation-domrep.com\/fr\/excursions-et-activites\/excursions-activites-las-galeras\/\" \/>\n<meta property=\"og:site_name\" content=\"GoVacation R\u00e9publique Dominicaine\" \/>\n<meta property=\"article:modified_time\" content=\"2025-10-13T00:21:36+00:00\" \/>\n<meta name=\"twitter:card\" content=\"summary_large_image\" \/>\n<meta name=\"twitter:label1\" content=\"Dur\u00e9e de lecture estim\u00e9e\" \/>\n\t<meta name=\"twitter:data1\" content=\"4 minutes\" \/>\n<script type=\"application\/ld+json\" class=\"yoast-schema-graph\">{\"@context\":\"https:\\\/\\\/schema.org\",\"@graph\":[{\"@type\":\"WebPage\",\"@id\":\"https:\\\/\\\/govacation-domrep.com\\\/fr\\\/excursions-et-activites\\\/excursions-activites-las-galeras\\\/\",\"url\":\"https:\\\/\\\/govacation-domrep.com\\\/fr\\\/excursions-et-activites\\\/excursions-activites-las-galeras\\\/\",\"name\":\"Excursions & Activit\u00e9s Las Galeras - GoVacation R\u00e9publique Dominicaine\",\"isPartOf\":{\"@id\":\"https:\\\/\\\/govacation-domrep.com\\\/fr\\\/#website\"},\"datePublished\":\"2025-09-23T13:29:13+00:00\",\"dateModified\":\"2025-10-13T00:21:36+00:00\",\"description\":\"Excursions et activit\u00e9s sur Las Galeras, R\u00e9publique dominicaine. R\u00e9servez vos excursions directement en ligne aupr\u00e8s de votre guide.\",\"breadcrumb\":{\"@id\":\"https:\\\/\\\/govacation-domrep.com\\\/fr\\\/excursions-et-activites\\\/excursions-activites-las-galeras\\\/#breadcrumb\"},\"inLanguage\":\"fr-FR\",\"potentialAction\":[{\"@type\":\"ReadAction\",\"target\":[\"https:\\\/\\\/govacation-domrep.com\\\/fr\\\/excursions-et-activites\\\/excursions-activites-las-galeras\\\/\"]}]},{\"@type\":\"BreadcrumbList\",\"@id\":\"https:\\\/\\\/govacation-domrep.com\\\/fr\\\/excursions-et-activites\\\/excursions-activites-las-galeras\\\/#breadcrumb\",\"itemListElement\":[{\"@type\":\"ListItem\",\"position\":1,\"name\":\"Home\",\"item\":\"https:\\\/\\\/govacation-domrep.com\\\/fr\\\/\"},{\"@type\":\"ListItem\",\"position\":2,\"name\":\"Excursions et activit\u00e9s\",\"item\":\"https:\\\/\\\/govacation-domrep.com\\\/fr\\\/excursions-et-activites\\\/\"},{\"@type\":\"ListItem\",\"position\":3,\"name\":\"Excursions &#038; Activit\u00e9s Las Galeras\"}]},{\"@type\":\"WebSite\",\"@id\":\"https:\\\/\\\/govacation-domrep.com\\\/fr\\\/#website\",\"url\":\"https:\\\/\\\/govacation-domrep.com\\\/fr\\\/\",\"name\":\"GoVacation R\u00e9publique Dominicaine\",\"description\":\"Incoming Agentur\",\"potentialAction\":[{\"@type\":\"SearchAction\",\"target\":{\"@type\":\"EntryPoint\",\"urlTemplate\":\"https:\\\/\\\/govacation-domrep.com\\\/fr\\\/?s={search_term_string}\"},\"query-input\":{\"@type\":\"PropertyValueSpecification\",\"valueRequired\":true,\"valueName\":\"search_term_string\"}}],\"inLanguage\":\"fr-FR\"}]}<\/script>\n<!-- \/ Yoast SEO plugin. -->","yoast_head_json":{"title":"Excursions & Activit\u00e9s Las Galeras - GoVacation R\u00e9publique Dominicaine","description":"Excursions et activit\u00e9s sur Las Galeras, R\u00e9publique dominicaine. R\u00e9servez vos excursions directement en ligne aupr\u00e8s de votre guide.","robots":{"index":"index","follow":"follow","max-snippet":"max-snippet:-1","max-image-preview":"max-image-preview:large","max-video-preview":"max-video-preview:-1"},"canonical":"https:\/\/govacation-domrep.com\/fr\/excursions-et-activites\/excursions-activites-las-galeras\/","og_locale":"fr_FR","og_type":"article","og_title":"Excursions & Activit\u00e9s Las Galeras - GoVacation R\u00e9publique Dominicaine","og_description":"Excursions et activit\u00e9s sur Las Galeras, R\u00e9publique dominicaine. R\u00e9servez vos excursions directement en ligne aupr\u00e8s de votre guide.","og_url":"https:\/\/govacation-domrep.com\/fr\/excursions-et-activites\/excursions-activites-las-galeras\/","og_site_name":"GoVacation R\u00e9publique Dominicaine","article_modified_time":"2025-10-13T00:21:36+00:00","twitter_card":"summary_large_image","twitter_misc":{"Dur\u00e9e de lecture estim\u00e9e":"4 minutes"},"schema":{"@context":"https:\/\/schema.org","@graph":[{"@type":"WebPage","@id":"https:\/\/govacation-domrep.com\/fr\/excursions-et-activites\/excursions-activites-las-galeras\/","url":"https:\/\/govacation-domrep.com\/fr\/excursions-et-activites\/excursions-activites-las-galeras\/","name":"Excursions & Activit\u00e9s Las Galeras - GoVacation R\u00e9publique Dominicaine","isPartOf":{"@id":"https:\/\/govacation-domrep.com\/fr\/#website"},"datePublished":"2025-09-23T13:29:13+00:00","dateModified":"2025-10-13T00:21:36+00:00","description":"Excursions et activit\u00e9s sur Las Galeras, R\u00e9publique dominicaine. R\u00e9servez vos excursions directement en ligne aupr\u00e8s de votre guide.","breadcrumb":{"@id":"https:\/\/govacation-domrep.com\/fr\/excursions-et-activites\/excursions-activites-las-galeras\/#breadcrumb"},"inLanguage":"fr-FR","potentialAction":[{"@type":"ReadAction","target":["https:\/\/govacation-domrep.com\/fr\/excursions-et-activites\/excursions-activites-las-galeras\/"]}]},{"@type":"BreadcrumbList","@id":"https:\/\/govacation-domrep.com\/fr\/excursions-et-activites\/excursions-activites-las-galeras\/#breadcrumb","itemListElement":[{"@type":"ListItem","position":1,"name":"Home","item":"https:\/\/govacation-domrep.com\/fr\/"},{"@type":"ListItem","position":2,"name":"Excursions et activit\u00e9s","item":"https:\/\/govacation-domrep.com\/fr\/excursions-et-activites\/"},{"@type":"ListItem","position":3,"name":"Excursions &#038; Activit\u00e9s Las Galeras"}]},{"@type":"WebSite","@id":"https:\/\/govacation-domrep.com\/fr\/#website","url":"https:\/\/govacation-domrep.com\/fr\/","name":"GoVacation R\u00e9publique Dominicaine","description":"Incoming Agentur","potentialAction":[{"@type":"SearchAction","target":{"@type":"EntryPoint","urlTemplate":"https:\/\/govacation-domrep.com\/fr\/?s={search_term_string}"},"query-input":{"@type":"PropertyValueSpecification","valueRequired":true,"valueName":"search_term_string"}}],"inLanguage":"fr-FR"}]}},"_links":{"self":[{"href":"https:\/\/govacation-domrep.com\/fr\/wp-json\/wp\/v2\/pages\/31799","targetHints":{"allow":["GET"]}}],"collection":[{"href":"https:\/\/govacation-domrep.com\/fr\/wp-json\/wp\/v2\/pages"}],"about":[{"href":"https:\/\/govacation-domrep.com\/fr\/wp-json\/wp\/v2\/types\/page"}],"author":[{"embeddable":true,"href":"https:\/\/govacation-domrep.com\/fr\/wp-json\/wp\/v2\/users\/1"}],"replies":[{"embeddable":true,"href":"https:\/\/govacation-domrep.com\/fr\/wp-json\/wp\/v2\/comments?post=31799"}],"version-history":[{"count":3,"href":"https:\/\/govacation-domrep.com\/fr\/wp-json\/wp\/v2\/pages\/31799\/revisions"}],"predecessor-version":[{"id":32928,"href":"https:\/\/govacation-domrep.com\/fr\/wp-json\/wp\/v2\/pages\/31799\/revisions\/32928"}],"up":[{"embeddable":true,"href":"https:\/\/govacation-domrep.com\/fr\/wp-json\/wp\/v2\/pages\/24167"}],"wp:attachment":[{"href":"https:\/\/govacation-domrep.com\/fr\/wp-json\/wp\/v2\/media?parent=31799"}],"curies":[{"name":"wp","href":"https:\/\/api.w.org\/{rel}","templated":true}]}}